{"id":199,"date":"2023-08-17T15:20:01","date_gmt":"2023-08-17T15:20:01","guid":{"rendered":"https:\/\/suafbo.com\/es\/?page_id=199"},"modified":"2025-12-31T18:32:41","modified_gmt":"2025-12-31T18:32:41","slug":"contacto","status":"publish","type":"page","link":"https:\/\/suafbo.com\/es\/contacto\/","title":{"rendered":"Contacto"},"content":{"rendered":"<p>[vc_row css_animation=&#8221;&#8221; row_type=&#8221;row&#8221; use_row_as_full_screen_section=&#8221;no&#8221; type=&#8221;grid&#8221; angled_section=&#8221;no&#8221; text_align=&#8221;left&#8221; background_image_as_pattern=&#8221;without_pattern&#8221; z_index=&#8221;&#8221;][vc_column offset=&#8221;vc_hidden-sm vc_hidden-xs&#8221;][vc_row_inner row_type=&#8221;row&#8221; type=&#8221;full_width&#8221; text_align=&#8221;left&#8221; css_animation=&#8221;&#8221;][vc_column_inner][vc_empty_space][vc_empty_space][\/vc_column_inner][\/vc_row_inner][vc_row_inner row_type=&#8221;row&#8221; type=&#8221;full_width&#8221; text_align=&#8221;left&#8221; css_animation=&#8221;&#8221;][vc_column_inner width=&#8221;1\/4&#8243;][vc_column_text]<span style=\"font-weight: 400;\">Estamos disponibles las 24\/7 para servirles en sus dudas o consultas. Pueden comunicarse con nosotros a trav\u00e9s de WhatsApp, correos electr\u00f3nicos y redes sociales. Nuestro equipo estar\u00e1 encantado de asesorarles en todo momento para que su viaje a Per\u00fa sea placentero y nosotros nos encargamos de cada detalle.<\/span><\/p>\n<p>&nbsp;<\/p>\n<p><strong>\u00a1Gracias por comunicarse con nosotros!<\/strong>[\/vc_column_text][vc_empty_space][vc_column_text]<span style=\"color: #efac59;\"><strong>CONTACTO<\/strong><\/span><\/p>\n<p>&nbsp;<\/p>\n<p><i class=\"fa fa-map-marker-alt\" style=\"color: #efac59;\"><\/i> Calle Virginia Candamo de la Puente 220, Lima 32 \u2013 Per\u00fa<br \/>\n<i class=\"fa fa-envelope\" style=\"color: #efac59;\"><\/i> <a href=\"mailto:info@suafbo.com\">info@suafbo.com<\/a><\/p>\n<p>&nbsp;<\/p>\n<p><span style=\"color: #efac59;\"><strong>OPERATIONS CONTROL<\/strong><\/span><br \/>\n<span style=\"color: #efac59;\"><strong>CENTER 24\/7<\/strong><\/span><\/p>\n<p>&nbsp;<\/p>\n<p><i class=\"fa fa-mobile-alt\" style=\"color: #efac59;\"><\/i> (51) 932 728 820<br \/>\n<i class=\"fa fa-mobile-alt\" style=\"color: #efac59;\"><\/i> (51) 942 429 993<br \/>\n<i class=\"fa fa-envelope\" style=\"color: #efac59;\"><\/i> <a href=\"mailto:ops@suafbo.com\">ops@suafbo.com<\/a><br \/>\n<i class=\"fa fa-envelope\" style=\"color: #efac59;\"><\/i> <a href=\"mailto:suaopsteam@gmail.com\">suaopsteam@gmail.com<\/a><br \/>\n<i class=\"fa fa-globe\" style=\"color: #efac59;\"><\/i> <a href=\"https:\/\/suafbo.com\/\">www.suafbo.com<\/a>[\/vc_column_text][vc_empty_space][vc_column_text]<a href=\"https:\/\/suafbo.com\/es\/\"><span style=\"color: #000080;\">&lt;- Regresar al inicio<\/span><\/a>[\/vc_column_text][vc_empty_space][\/vc_column_inner][vc_column_inner width=&#8221;3\/4&#8243; css=&#8221;.vc_custom_1692262850924{padding-right: 50px !important;padding-left: 50px !important;background-color: #001437 !important;border-radius: 10px !important;}&#8221;][vc_empty_space][vc_column_text]<\/p>\n<p style=\"text-align: center;\"><span style=\"font-weight: 400; color: #ffffff;\">Por favor, complete el siguiente formulario para ponerse en contacto con nosotros y solicitar m\u00e1s informaci\u00f3n sobre nuestros servicios. Agradecemos su inter\u00e9s en nuestro FBO y nos comunicaremos con usted a la brevedad posible.<\/span><\/p>\n<p>[\/vc_column_text][vc_empty_space]\n<div class=\"wpcf7 no-js\" id=\"wpcf7-f198-o1\" lang=\"es-ES\" dir=\"ltr\">\n<div class=\"screen-reader-response\"><p role=\"status\" aria-live=\"polite\" aria-atomic=\"true\"><\/p> <ul><\/ul><\/div>\n<form action=\"\/es\/wp-json\/wp\/v2\/pages\/199#wpcf7-f198-o1\" method=\"post\" class=\"wpcf7-form init default\" aria-label=\"Formulario de contacto\" novalidate=\"novalidate\" data-status=\"init\">\n<div style=\"display: none;\">\n<input type=\"hidden\" name=\"_wpcf7\" value=\"198\" \/>\n<input type=\"hidden\" name=\"_wpcf7_version\" value=\"5.8\" \/>\n<input type=\"hidden\" name=\"_wpcf7_locale\" value=\"es_ES\" \/>\n<input type=\"hidden\" name=\"_wpcf7_unit_tag\" value=\"wpcf7-f198-o1\" \/>\n<input type=\"hidden\" name=\"_wpcf7_container_post\" value=\"0\" \/>\n<input type=\"hidden\" name=\"_wpcf7_posted_data_hash\" value=\"\" \/>\n<input type=\"hidden\" name=\"_wpcf7cf_hidden_group_fields\" value=\"[]\" \/>\n<input type=\"hidden\" name=\"_wpcf7cf_hidden_groups\" value=\"[]\" \/>\n<input type=\"hidden\" name=\"_wpcf7cf_visible_groups\" value=\"[]\" \/>\n<input type=\"hidden\" name=\"_wpcf7cf_repeaters\" value=\"[]\" \/>\n<input type=\"hidden\" name=\"_wpcf7cf_steps\" value=\"{}\" \/>\n<input type=\"hidden\" name=\"_wpcf7cf_options\" value=\"{&quot;form_id&quot;:198,&quot;conditions&quot;:[],&quot;settings&quot;:{&quot;animation&quot;:&quot;yes&quot;,&quot;animation_intime&quot;:200,&quot;animation_outtime&quot;:200,&quot;conditions_ui&quot;:&quot;normal&quot;,&quot;notice_dismissed&quot;:false}}\" \/>\n<input type=\"hidden\" name=\"_wpcf7_recaptcha_response\" value=\"\" \/>\n<\/div>\n<div class=\"uacf7-form-198\"><div class=\"uacf7-row\"><div class=\"uacf7-col-6\"> <span class=\"wpcf7-form-control-wrap\" data-name=\"Nombre\"><input size=\"40\" class=\"wpcf7-form-control wpcf7-text wpcf7-validates-as-required\" id=\"nombre\" aria-required=\"true\" aria-invalid=\"false\" placeholder=\"Nombre\" value=\"\" type=\"text\" name=\"Nombre\" \/><\/span><\/div><div class=\"uacf7-col-6\"> <span class=\"wpcf7-form-control-wrap\" data-name=\"Apellido\"><input size=\"40\" class=\"wpcf7-form-control wpcf7-text wpcf7-validates-as-required\" id=\"apellido\" aria-required=\"true\" aria-invalid=\"false\" placeholder=\"Apellido\" value=\"\" type=\"text\" name=\"Apellido\" \/><\/span><\/div><\/div>\n<div class=\"uacf7-row\"><div class=\"uacf7-col-6\"><span class=\"wpcf7-form-control-wrap\" data-name=\"Telfonodecontacto\"><input size=\"40\" class=\"wpcf7-form-control wpcf7-tel wpcf7-text wpcf7-validates-as-tel\" id=\"telefono\" aria-invalid=\"false\" placeholder=\"Tel\u00e9fono\" value=\"\" type=\"tel\" name=\"Telfonodecontacto\" \/><\/span><\/div><div class=\"uacf7-col-6\"><span class=\"wpcf7-form-control-wrap\" data-name=\"Empresa\"><input size=\"40\" class=\"wpcf7-form-control wpcf7-text\" id=\"compania\" aria-invalid=\"false\" placeholder=\"Compa\u00f1\u00eda\" value=\"\" type=\"text\" name=\"Empresa\" \/><\/span><\/div><\/div>\n<div class=\"uacf7-row\"><div class=\"uacf7-col-6\"> <span class=\"wpcf7-form-control-wrap\" data-name=\"Correoelectronico\"><input size=\"40\" class=\"wpcf7-form-control wpcf7-email wpcf7-text wpcf7-validates-as-email\" id=\"correo\" aria-invalid=\"false\" placeholder=\"Correo electr\u00f3nico\" value=\"\" type=\"email\" name=\"Correoelectronico\" \/><\/span><\/div><div class=\"uacf7-col-6\"> <span class=\"wpcf7-form-control-wrap\" data-name=\"Pais\"><input size=\"40\" class=\"wpcf7-form-control wpcf7-text\" id=\"pais\" aria-invalid=\"false\" placeholder=\"Pa\u00eds\" value=\"\" type=\"text\" name=\"Pais\" \/><\/span><\/div><\/div>\n<\/br>\n<span style=\"color: #ffffff; font-size; 28px;\"><strong>SERVICIOS REQUERIDOS<\/strong><\/span>\n<\/br>\n<span style=\"color: #ffffff; font-size; 28px;\">Selecciona uno o m\u00e1s servicios<\/span>\n&nbsp\n<\/br>\n<\/br>\n<span class=\"wpcf7-form-control-wrap serviciosrequeridos\"><select class=\"wpcf7-form-control wpcf7-selct_multiselct wpcf7-selct-multiselct\" aria-invalid=\"false\" data-placeholder=\"Servicios\" data-allow-clear=\"true\" data-width=\"400px\" multiple=\"multiple\" name=\"serviciosrequeridos[]\"><option value=\"Servicio de despacho\">Servicio de despacho<\/option><option value=\"Servicio de viaje\">Servicio de viaje<\/option><option value=\"Servicio de combustible\">Servicio de combustible<\/option><option value=\"Servicio de asistencia en tierra\">Servicio de asistencia en tierra<\/option><option value=\"Servicios de evacuaci\u00f3n m\u00e9dica\">Servicios de evacuaci\u00f3n m\u00e9dica<\/option><option value=\"Otros\">Otros<\/option><\/select><\/span>\n<span class=\"wpcf7-form-control-wrap\" data-name=\"otro\"><input size=\"40\" class=\"wpcf7-form-control wpcf7-text\" id=\"otroservicio\" aria-invalid=\"false\" placeholder=\"Otro (opcional)\" value=\"\" type=\"text\" name=\"otro\" \/><\/span>\n<\/br>\n<span class=\"wpcf7-form-control-wrap\" data-name=\"Fecha\"><input class=\"wpcf7-form-control wpcf7-date wpcf7-validates-as-date\" id=\"fecha\" aria-invalid=\"false\" placeholder=\"Fecha\" value=\"\" type=\"date\" name=\"Fecha\" \/><\/span>\n<span class=\"wpcf7-form-control-wrap\" data-name=\"Comentariosadicionales\"><textarea cols=\"40\" rows=\"10\" class=\"wpcf7-form-control wpcf7-textarea\" id=\"comentarios\" aria-invalid=\"false\" placeholder=\"Comentarios\" name=\"Comentariosadicionales\"><\/textarea><\/span>\n<\/br>\n<span class=\"wpcf7-form-control-wrap\" data-name=\"Aceptolostrminosycondiciones\"><span class=\"wpcf7-form-control wpcf7-acceptance optional\"><span class=\"wpcf7-list-item\"><label><input type=\"checkbox\" name=\"Aceptolostrminosycondiciones\" value=\"1\" id=\"terminos\" aria-invalid=\"false\" \/><span class=\"wpcf7-list-item-label\"><a style=\"color: #ffffff;\" href=\"<span style=\"color: #ffffff;\">He le\u00eddo y aceptado los <span style=\"color: #33cccc;\"><a style=\"color: #33cccc;\" href=\"https:\/\/suafbo.com\/es\/terminos-y-condiciones\" target=\"_blank\" rel=\"noopener\">t\u00e9rminos y condiciones<\/a><\/span><\/span><\/a><\/span><\/span><\/label><\/span><\/span><\/span>\n\n<span class=\"wpcf7-form-control-wrap\" data-name=\"Aceptolostrminosycondiciones\"><span class=\"wpcf7-form-control wpcf7-acceptance optional\"><span class=\"wpcf7-list-item\"><label><input type=\"checkbox\" name=\"Aceptolostrminosycondiciones\" value=\"1\" aria-invalid=\"false\" \/><span class=\"wpcf7-list-item-label\"><a style=\"color: #ffffff;\" href=\"<span style=\"color: #ffffff;\">He le\u00eddo y aceptado la <span style=\"color: #33cccc;\"><a style=\"color: #33cccc;\" href=\"https:\/\/suafbo.com\/es\/politica-de-privacidad\" target=\"_blank\" rel=\"noopener\">pol\u00edtica de privacidad<\/a><\/span><\/span><\/a><\/span><\/span><\/label><\/span><\/span><\/span>\n\n<input class=\"wpcf7-form-control wpcf7-submit has-spinner\" type=\"submit\" value=\"Enviar\" \/><\/div><div class=\"wpcf7-response-output\" aria-hidden=\"true\"><\/div>\n<\/form>\n<\/div>\n[vc_empty_space][\/vc_column_inner][\/vc_row_inner][vc_row_inner row_type=&#8221;row&#8221; type=&#8221;full_width&#8221; text_align=&#8221;left&#8221; css_animation=&#8221;&#8221;][vc_column_inner][vc_empty_space][\/vc_column_inner][\/vc_row_inner][\/vc_column][\/vc_row][vc_row css_animation=&#8221;&#8221; row_type=&#8221;row&#8221; use_row_as_full_screen_section=&#8221;no&#8221; type=&#8221;grid&#8221; angled_section=&#8221;no&#8221; text_align=&#8221;left&#8221; background_image_as_pattern=&#8221;without_pattern&#8221; z_index=&#8221;&#8221;][vc_column offset=&#8221;vc_hidden-lg vc_hidden-md&#8221;][vc_row_inner row_type=&#8221;row&#8221; type=&#8221;full_width&#8221; text_align=&#8221;left&#8221; css_animation=&#8221;&#8221;][vc_column_inner][vc_empty_space][vc_empty_space][\/vc_column_inner][\/vc_row_inner][vc_row_inner row_type=&#8221;row&#8221; type=&#8221;full_width&#8221; text_align=&#8221;left&#8221; css_animation=&#8221;&#8221;][vc_column_inner width=&#8221;1\/4&#8243;][vc_column_text]<span style=\"font-weight: 400;\">Estamos disponibles las 24\/7 para servirles en sus dudas o consultas. Pueden comunicarse con nosotros a trav\u00e9s de WhatsApp, correos electr\u00f3nicos y redes sociales. Nuestro equipo estar\u00e1 encantado de asesorarles en todo momento para que su viaje a Per\u00fa sea placentero y nosotros nos encargamos de cada detalle.<\/span><\/p>\n<p>&nbsp;<\/p>\n<p><strong>\u00a1Gracias por comunicarse con nosotros!<\/strong>[\/vc_column_text][vc_empty_space][vc_column_text]<span style=\"color: #efac59;\"><strong>CONTACTO<\/strong><\/span><\/p>\n<p>&nbsp;<\/p>\n<p><i class=\"fa fa-map-marker-alt\" style=\"color: #efac59;\"><\/i> Calle Virginia Candamo de la Puente 220, Lima 32 \u2013 Per\u00fa<br \/>\n<i class=\"fa fa-phone\" style=\"color: #efac59;\"><\/i> (511) 566 5482<br \/>\n<i class=\"fa fa-mobile-alt\" style=\"color: #efac59;\"><\/i> (51) 998 441 361<br \/>\n<i class=\"fa fa-envelope\" style=\"color: #efac59;\"><\/i> <a href=\"mailto:info@suafbo.com\">info@suafbo.com<\/a><\/p>\n<p>&nbsp;<\/p>\n<p><span style=\"color: #efac59;\"><strong>OPERATIONS CONTROL<\/strong><\/span><br \/>\n<span style=\"color: #efac59;\"><strong>CENTER 24\/7<\/strong><\/span><\/p>\n<p>&nbsp;<\/p>\n<p><i class=\"fa fa-mobile-alt\" style=\"color: #efac59;\"><\/i> (51) 932 728 820 \/<br \/>\n(51) 942 429 993<br \/>\n<i class=\"fa fa-envelope\" style=\"color: #efac59;\"><\/i> <a href=\"mailto:ops@suafbo.com\">ops@suafbo.com<\/a> \/ <a href=\"mailto:suaopsteam@gmail.com\">suaopsteam@gmail.com<\/a><br \/>\n<i class=\"fa fa-globe\" style=\"color: #efac59;\"><\/i> <a href=\"https:\/\/suafbo.com\/\">www.suafbo.com<\/a>[\/vc_column_text][vc_empty_space][\/vc_column_inner][vc_column_inner width=&#8221;3\/4&#8243; css=&#8221;.vc_custom_1695677320783{padding-right: 20px !important;padding-left: 20px !important;background-color: #001437 !important;border-radius: 10px !important;}&#8221;][vc_empty_space][vc_column_text]<\/p>\n<p style=\"text-align: center;\"><span style=\"font-weight: 400; color: #ffffff;\">Por favor, complete el siguiente formulario para ponerse en contacto con nosotros y solicitar m\u00e1s informaci\u00f3n sobre nuestros servicios. Agradecemos su inter\u00e9s en nuestro FBO y nos comunicaremos con usted a la brevedad posible.<\/span><\/p>\n<p>[\/vc_column_text][vc_empty_space]\n<div class=\"wpcf7 no-js\" id=\"wpcf7-f299-o2\" lang=\"es-ES\" dir=\"ltr\">\n<div class=\"screen-reader-response\"><p role=\"status\" aria-live=\"polite\" aria-atomic=\"true\"><\/p> <ul><\/ul><\/div>\n<form action=\"\/es\/wp-json\/wp\/v2\/pages\/199#wpcf7-f299-o2\" method=\"post\" class=\"wpcf7-form init default\" aria-label=\"Formulario de contacto\" novalidate=\"novalidate\" data-status=\"init\">\n<div style=\"display: none;\">\n<input type=\"hidden\" name=\"_wpcf7\" value=\"299\" \/>\n<input type=\"hidden\" name=\"_wpcf7_version\" value=\"5.8\" \/>\n<input type=\"hidden\" name=\"_wpcf7_locale\" value=\"es_ES\" \/>\n<input type=\"hidden\" name=\"_wpcf7_unit_tag\" value=\"wpcf7-f299-o2\" \/>\n<input type=\"hidden\" name=\"_wpcf7_container_post\" value=\"0\" \/>\n<input type=\"hidden\" name=\"_wpcf7_posted_data_hash\" value=\"\" \/>\n<input type=\"hidden\" name=\"_wpcf7cf_hidden_group_fields\" value=\"[]\" \/>\n<input type=\"hidden\" name=\"_wpcf7cf_hidden_groups\" value=\"[]\" \/>\n<input type=\"hidden\" name=\"_wpcf7cf_visible_groups\" value=\"[]\" \/>\n<input type=\"hidden\" name=\"_wpcf7cf_repeaters\" value=\"[]\" \/>\n<input type=\"hidden\" name=\"_wpcf7cf_steps\" value=\"{}\" \/>\n<input type=\"hidden\" name=\"_wpcf7cf_options\" value=\"{&quot;form_id&quot;:299,&quot;conditions&quot;:[],&quot;settings&quot;:{&quot;animation&quot;:&quot;yes&quot;,&quot;animation_intime&quot;:200,&quot;animation_outtime&quot;:200,&quot;conditions_ui&quot;:&quot;normal&quot;,&quot;notice_dismissed&quot;:false}}\" \/>\n<input type=\"hidden\" name=\"_wpcf7_recaptcha_response\" value=\"\" \/>\n<\/div>\n<div class=\"uacf7-form-299\"><span class=\"wpcf7-form-control-wrap\" data-name=\"Nombre\"><input size=\"40\" class=\"wpcf7-form-control wpcf7-text wpcf7-validates-as-required\" aria-required=\"true\" aria-invalid=\"false\" placeholder=\"Nombre\" value=\"\" type=\"text\" name=\"Nombre\" \/><\/span>\n<span class=\"wpcf7-form-control-wrap\" data-name=\"Apellido\"><input size=\"40\" class=\"wpcf7-form-control wpcf7-text wpcf7-validates-as-required\" aria-required=\"true\" aria-invalid=\"false\" placeholder=\"Apellido\" value=\"\" type=\"text\" name=\"Apellido\" \/><\/span>\n<span class=\"wpcf7-form-control-wrap\" data-name=\"Telfonodecontacto\"><input size=\"40\" class=\"wpcf7-form-control wpcf7-tel wpcf7-text wpcf7-validates-as-tel\" aria-invalid=\"false\" placeholder=\"Tel\u00e9fono\" value=\"\" type=\"tel\" name=\"Telfonodecontacto\" \/><\/span>\n<span class=\"wpcf7-form-control-wrap\" data-name=\"Empresa\"><input size=\"40\" class=\"wpcf7-form-control wpcf7-text\" aria-invalid=\"false\" placeholder=\"Compa\u00f1\u00eda\" value=\"\" type=\"text\" name=\"Empresa\" \/><\/span>\n<span class=\"wpcf7-form-control-wrap\" data-name=\"Correoelectronico\"><input size=\"40\" class=\"wpcf7-form-control wpcf7-email wpcf7-text wpcf7-validates-as-email\" aria-invalid=\"false\" placeholder=\"Correo electr\u00f3nico\" value=\"\" type=\"email\" name=\"Correoelectronico\" \/><\/span>\n<span class=\"wpcf7-form-control-wrap\" data-name=\"Pais\"><input size=\"40\" class=\"wpcf7-form-control wpcf7-text\" aria-invalid=\"false\" placeholder=\"Pa\u00eds\" value=\"\" type=\"text\" name=\"Pais\" \/><\/span>\n<\/br>\n<span style=\"color: #ffffff; font-size; 28px;\"><strong>SERVICIOS REQUERIDOS<\/strong><\/span>\n<\/br>\n<span style=\"color: #ffffff; font-size; 28px;\">Selecciona uno o m\u00e1s servicios<\/span>\n&nbsp\n<\/br>\n<\/br>\n<span class=\"wpcf7-form-control-wrap serviciosrequeridos\"><select class=\"wpcf7-form-control wpcf7-selct_multiselct wpcf7-selct-multiselct\" aria-invalid=\"false\" data-placeholder=\"Servicios\" data-allow-clear=\"true\" data-width=\"400px\" multiple=\"multiple\" name=\"serviciosrequeridos[]\"><option value=\"Servicio de despacho\">Servicio de despacho<\/option><option value=\"Servicio de viaje\">Servicio de viaje<\/option><option value=\"Servicio de combustible\">Servicio de combustible<\/option><option value=\"Servicio de asistencia en tierra\">Servicio de asistencia en tierra<\/option><option value=\"Servicios de evacuaci\u00f3n m\u00e9dica\">Servicios de evacuaci\u00f3n m\u00e9dica<\/option><option value=\"Otros\">Otros<\/option><\/select><\/span>\n<span class=\"wpcf7-form-control-wrap\" data-name=\"otro\"><input size=\"40\" class=\"wpcf7-form-control wpcf7-text\" aria-invalid=\"false\" placeholder=\"Otro (opcional)\" value=\"\" type=\"text\" name=\"otro\" \/><\/span>\n<\/br>\n<span class=\"wpcf7-form-control-wrap\" data-name=\"Fecha\"><input class=\"wpcf7-form-control wpcf7-date wpcf7-validates-as-date\" aria-invalid=\"false\" placeholder=\"Fecha\" value=\"\" type=\"date\" name=\"Fecha\" \/><\/span>\n<span class=\"wpcf7-form-control-wrap\" data-name=\"Comentariosadicionales\"><textarea cols=\"40\" rows=\"10\" class=\"wpcf7-form-control wpcf7-textarea\" aria-invalid=\"false\" placeholder=\"Comentarios\" name=\"Comentariosadicionales\"><\/textarea><\/span>\n<\/br>\n<span class=\"wpcf7-form-control-wrap\" data-name=\"Aceptolostrminosycondiciones\"><span class=\"wpcf7-form-control wpcf7-acceptance optional\"><span class=\"wpcf7-list-item\"><label><input type=\"checkbox\" name=\"Aceptolostrminosycondiciones\" value=\"1\" aria-invalid=\"false\" \/><span class=\"wpcf7-list-item-label\"><a style=\"color: #ffffff;\" href=\"<span style=\"color: #ffffff;\">He le\u00eddo y aceptado los <span style=\"color: #33cccc;\"><a style=\"color: #33cccc;\" href=\"https:\/\/suafbo.com\/es\/terminos-y-condiciones\" <\/br>\n<span style=\"color: #ffffff; font-size; 28px;\">Selecciona uno o m\u00e1s servicios<\/span>\n&nbsp\n<\/br>\n<\/br>target=\"_blank\" rel=\"noopener\">t\u00e9rminos y condiciones<\/a><\/span><\/span><\/a><\/span><\/span><\/label><\/span><\/span><\/span>\n\n<span class=\"wpcf7-form-control-wrap\" data-name=\"Aceptolostrminosycondiciones\"><span class=\"wpcf7-form-control wpcf7-acceptance optional\"><span class=\"wpcf7-list-item\"><label><input type=\"checkbox\" name=\"Aceptolostrminosycondiciones\" value=\"1\" aria-invalid=\"false\" \/><span class=\"wpcf7-list-item-label\"><a style=\"color: #ffffff;\" href=\"<span style=\"color: #ffffff;\">He le\u00eddo y aceptado la <span style=\"color: #33cccc;\"><a style=\"color: #33cccc;\" href=\"https:\/\/suafbo.com\/es\/politica-de-privacidad\" target=\"_blank\" rel=\"noopener\">pol\u00edtica de privacidad<\/a><\/span><\/span><\/a><\/span><\/span><\/label><\/span><\/span><\/span>\n\n<input class=\"wpcf7-form-control wpcf7-submit has-spinner\" type=\"submit\" value=\"Enviar\" \/><\/div><div class=\"wpcf7-response-output\" aria-hidden=\"true\"><\/div>\n<\/form>\n<\/div>\n[vc_empty_space][\/vc_column_inner][\/vc_row_inner][vc_row_inner row_type=&#8221;row&#8221; type=&#8221;full_width&#8221; text_align=&#8221;left&#8221; css_animation=&#8221;&#8221;][vc_column_inner][vc_empty_space][vc_column_text]<a href=\"https:\/\/suafbo.com\/es\/\"><span style=\"color: #000080;\">&lt;- Regresar al inicio<\/span><\/a>[\/vc_column_text][vc_empty_space][\/vc_column_inner][\/vc_row_inner][\/vc_column][\/vc_row]<\/p>\n","protected":false},"excerpt":{"rendered":"<p>[vc_row css_animation=&#8221;&#8221; row_type=&#8221;row&#8221; use_row_as_full_screen_section=&#8221;no&#8221; type=&#8221;grid&#8221; angled_section=&#8221;no&#8221; text_align=&#8221;left&#8221; background_image_as_pattern=&#8221;without_pattern&#8221; z_index=&#8221;&#8221;][vc_column offset=&#8221;vc_hidden-sm vc_hidden-xs&#8221;][vc_row_inner row_type=&#8221;row&#8221; type=&#8221;full_width&#8221; text_align=&#8221;left&#8221; css_animation=&#8221;&#8221;][vc_column_inner][vc_empty_space][vc_empty_space][\/vc_column_inner][\/vc_row_inner][vc_row_inner row_type=&#8221;row&#8221; type=&#8221;full_width&#8221; text_align=&#8221;left&#8221; css_animation=&#8221;&#8221;][vc_column_inner width=&#8221;1\/4&#8243;][vc_column_text]Estamos disponibles las 24\/7 para servirles en sus dudas o consultas. Pueden comunicarse con nosotros a trav\u00e9s de WhatsApp, correos electr\u00f3nicos y redes sociales. Nuestro equipo&#8230;<\/p>\n","protected":false},"author":1,"featured_media":0,"parent":0,"menu_order":0,"comment_status":"closed","ping_status":"closed","template":"full_width.php","meta":{"footnotes":"","_joinchat":[]},"_links":{"self":[{"href":"https:\/\/suafbo.com\/es\/wp-json\/wp\/v2\/pages\/199"}],"collection":[{"href":"https:\/\/suafbo.com\/es\/wp-json\/wp\/v2\/pages"}],"about":[{"href":"https:\/\/suafbo.com\/es\/wp-json\/wp\/v2\/types\/page"}],"author":[{"embeddable":true,"href":"https:\/\/suafbo.com\/es\/wp-json\/wp\/v2\/users\/1"}],"replies":[{"embeddable":true,"href":"https:\/\/suafbo.com\/es\/wp-json\/wp\/v2\/comments?post=199"}],"version-history":[{"count":13,"href":"https:\/\/suafbo.com\/es\/wp-json\/wp\/v2\/pages\/199\/revisions"}],"predecessor-version":[{"id":335,"href":"https:\/\/suafbo.com\/es\/wp-json\/wp\/v2\/pages\/199\/revisions\/335"}],"wp:attachment":[{"href":"https:\/\/suafbo.com\/es\/wp-json\/wp\/v2\/media?parent=199"}],"curies":[{"name":"wp","href":"https:\/\/api.w.org\/{rel}","templated":true}]}}