{"id":204,"date":"2023-08-17T16:01:36","date_gmt":"2023-08-17T16:01:36","guid":{"rendered":"https:\/\/suafbo.com\/es\/?page_id=204"},"modified":"2023-09-18T05:18:41","modified_gmt":"2023-09-18T05:18:41","slug":"politica-de-privacidad","status":"publish","type":"page","link":"https:\/\/suafbo.com\/es\/politica-de-privacidad\/","title":{"rendered":"Pol\u00edtica de Privacidad"},"content":{"rendered":"<p>[vc_row css_animation=&#8221;&#8221; row_type=&#8221;row&#8221; use_row_as_full_screen_section=&#8221;no&#8221; type=&#8221;grid&#8221; angled_section=&#8221;no&#8221; text_align=&#8221;left&#8221; background_image_as_pattern=&#8221;without_pattern&#8221; z_index=&#8221;&#8221;][vc_column][vc_row_inner row_type=&#8221;row&#8221; type=&#8221;full_width&#8221; text_align=&#8221;left&#8221; css_animation=&#8221;&#8221;][vc_column_inner][vc_empty_space][vc_empty_space][\/vc_column_inner][\/vc_row_inner][vc_row_inner row_type=&#8221;row&#8221; type=&#8221;full_width&#8221; text_align=&#8221;left&#8221; css_animation=&#8221;&#8221; el_class=&#8221;lista&#8221;][vc_column_inner][vc_column_text]<span style=\"font-weight: 400;\">En Servicio Universal de Aviaci\u00f3n S.A., RUC 20137722586, ubicada en Calle Virginia Candamo de la Puente 220, Lima 32 &#8211; Per\u00fa, nos comprometemos a proteger la privacidad y seguridad de los datos personales proporcionados por nuestros clientes. Reconocemos la importancia de mantener la confidencialidad de la informaci\u00f3n, incluidos los contactos, temas financieros, comerciales y legales.<\/span><\/p>\n<p>&nbsp;<\/p>\n<p><span style=\"font-weight: 400;\">Los datos personales que recopilamos de nuestros clientes se utilizan exclusivamente con el prop\u00f3sito de llevar a cabo los procesos necesarios para las solicitudes de permisos de vuelo hacia Per\u00fa, migraciones, aduanas y coordinaciones de seguridad. No compartiremos, venderemos ni cederemos de ninguna manera esta informaci\u00f3n a terceros, a menos que sea requerido por ley o con el consentimiento expl\u00edcito del cliente.<\/span><\/p>\n<p>&nbsp;<\/p>\n<p><span style=\"font-weight: 400;\">Nos comprometemos a mantener la integridad y confidencialidad de los datos personales, adoptando medidas de seguridad adecuadas para protegerlos contra el acceso no autorizado, el uso indebido o la divulgaci\u00f3n no autorizada. Asimismo, aseguramos que nuestros empleados y colaboradores est\u00e1n capacitados y concienciados sobre la importancia de proteger la privacidad de los datos personales de nuestros clientes.<\/span><\/p>\n<p>&nbsp;<\/p>\n<p><span style=\"font-weight: 400;\">Al proporcionarnos sus datos personales, nuestros clientes aceptan y otorgan su consentimiento para que Servicio Universal de Aviaci\u00f3n S.A. pueda utilizar la informaci\u00f3n con el prop\u00f3sito antes mencionado.<\/span><\/p>\n<p>&nbsp;<\/p>\n<p><span style=\"font-weight: 400;\">Si nuestros clientes desean ejercer sus derechos de acceso, rectificaci\u00f3n, cancelaci\u00f3n u oposici\u00f3n respecto a sus datos personales, pueden ponerse en contacto con nuestro equipo de protecci\u00f3n de datos a trav\u00e9s de la siguiente direcci\u00f3n de correo electr\u00f3nico: info@suafbo.com<\/span>[\/vc_column_text][vc_empty_space][vc_column_text]<b>SEGURIDAD Y PRIVACIDAD<\/b><\/p>\n<p>&nbsp;<\/p>\n<p><span style=\"font-weight: 400;\">En nuestro FBO, destacamos los protocolos que seguimos para garantizar la seguridad de nuestros clientes y sus activos, as\u00ed como la importancia que le damos a la privacidad y confidencialidad de la informaci\u00f3n. Haremos hincapi\u00e9 en los siguientes puntos clave:<\/span><\/p>\n<p>&nbsp;<\/p>\n<ul>\n<li>Protecci\u00f3n de activos y seguridad: Nuestro FBO se compromete a salvaguardar los activos de nuestros clientes y a garantizar su seguridad durante su estancia en nuestras instalaciones. Implementamos rigurosos protocolos de seguridad para proteger las aeronaves, el equipaje y cualquier otro activo bajo nuestra responsabilidad.<\/li>\n<li>Confidencialidad de la informaci\u00f3n: Reconocemos la importancia de la privacidad y la confidencialidad de la informaci\u00f3n de nuestros clientes. Nos comprometemos a mantener toda la informaci\u00f3n proporcionada de manera segura y confidencial, cumpliendo con las regulaciones y est\u00e1ndares de protecci\u00f3n de datos aplicables.<\/li>\n<li>Consentimiento y publicidad: No publicamos ninguna informaci\u00f3n sin el consentimiento expreso de nuestros clientes. Respetamos la privacidad de nuestros clientes y no utilizamos im\u00e1genes de sus aviones o detalles personales para hacer publicidad sin su aprobaci\u00f3n previa.<\/li>\n<li>Cumplimiento normativo: Cumplimos con todas las leyes y regulaciones relacionadas con la protecci\u00f3n de datos y la privacidad de nuestros clientes. Nos aseguramos de que nuestros procesos y procedimientos se ajusten a las normativas vigentes para garantizar la seguridad y confidencialidad de la informaci\u00f3n.<\/li>\n<li>Personal capacitado: Nuestro personal recibe capacitaci\u00f3n regular en seguridad y privacidad para garantizar que comprendan la importancia de proteger la informaci\u00f3n y los activos de nuestros clientes. Esto incluye el manejo adecuado de informaci\u00f3n sensible y la adopci\u00f3n de medidas de seguridad apropiadas en todo momento.<\/li>\n<li>Pol\u00edtica de privacidad: En nuestra p\u00e1gina web, proporcionaremos una pol\u00edtica de privacidad clara y accesible que detalle c\u00f3mo recopilamos, almacenamos y utilizamos la informaci\u00f3n de nuestros clientes, as\u00ed como los derechos que tienen en relaci\u00f3n con sus datos personales.<\/li>\n<\/ul>\n<p>&nbsp;<\/p>\n<p><span style=\"font-weight: 400;\">En resumen, la seguridad y la privacidad son aspectos fundamentales en nuestro FBO. Nos comprometemos a implementar rigurosos protocolos de seguridad, respetar la confidencialidad de la informaci\u00f3n y garantizar la privacidad de nuestros clientes en todas las interacciones. Nuestra pol\u00edtica es trabajar en estrecha colaboraci\u00f3n con nuestros clientes, obteniendo su consentimiento para cualquier publicidad y asegur\u00e1ndonos de que su informaci\u00f3n se maneje de manera segura y confidencial en todo momento.<\/span>[\/vc_column_text][vc_empty_space][vc_column_text]<a href=\"https:\/\/suafbo.com\/es\/\"><span style=\"color: #000080;\">&lt;- Regresar al inicio<\/span><\/a>[\/vc_column_text][vc_empty_space][\/vc_column_inner][\/vc_row_inner][vc_row_inner row_type=&#8221;row&#8221; type=&#8221;full_width&#8221; text_align=&#8221;left&#8221; css_animation=&#8221;&#8221;][vc_column_inner][vc_empty_space][\/vc_column_inner][\/vc_row_inner][\/vc_column][\/vc_row]<\/p>\n","protected":false},"excerpt":{"rendered":"<p>[vc_row css_animation=&#8221;&#8221; row_type=&#8221;row&#8221; use_row_as_full_screen_section=&#8221;no&#8221; type=&#8221;grid&#8221; angled_section=&#8221;no&#8221; text_align=&#8221;left&#8221; background_image_as_pattern=&#8221;without_pattern&#8221; z_index=&#8221;&#8221;][vc_column][vc_row_inner row_type=&#8221;row&#8221; type=&#8221;full_width&#8221; text_align=&#8221;left&#8221; css_animation=&#8221;&#8221;][vc_column_inner][vc_empty_space][vc_empty_space][\/vc_column_inner][\/vc_row_inner][vc_row_inner row_type=&#8221;row&#8221; type=&#8221;full_width&#8221; text_align=&#8221;left&#8221; css_animation=&#8221;&#8221; el_class=&#8221;lista&#8221;][vc_column_inner][vc_column_text]En Servicio Universal de Aviaci\u00f3n S.A., RUC 20137722586, ubicada en Calle Virginia Candamo de la Puente 220, Lima 32 &#8211; Per\u00fa, nos comprometemos a proteger la privacidad y&#8230;<\/p>\n","protected":false},"author":1,"featured_media":0,"parent":0,"menu_order":0,"comment_status":"closed","ping_status":"closed","template":"full_width.php","meta":{"footnotes":"","_joinchat":[]},"_links":{"self":[{"href":"https:\/\/suafbo.com\/es\/wp-json\/wp\/v2\/pages\/204"}],"collection":[{"href":"https:\/\/suafbo.com\/es\/wp-json\/wp\/v2\/pages"}],"about":[{"href":"https:\/\/suafbo.com\/es\/wp-json\/wp\/v2\/types\/page"}],"author":[{"embeddable":true,"href":"https:\/\/suafbo.com\/es\/wp-json\/wp\/v2\/users\/1"}],"replies":[{"embeddable":true,"href":"https:\/\/suafbo.com\/es\/wp-json\/wp\/v2\/comments?post=204"}],"version-history":[{"count":6,"href":"https:\/\/suafbo.com\/es\/wp-json\/wp\/v2\/pages\/204\/revisions"}],"predecessor-version":[{"id":292,"href":"https:\/\/suafbo.com\/es\/wp-json\/wp\/v2\/pages\/204\/revisions\/292"}],"wp:attachment":[{"href":"https:\/\/suafbo.com\/es\/wp-json\/wp\/v2\/media?parent=204"}],"curies":[{"name":"wp","href":"https:\/\/api.w.org\/{rel}","templated":true}]}}