{"id":286,"date":"2023-09-18T05:03:04","date_gmt":"2023-09-18T05:03:04","guid":{"rendered":"https:\/\/suafbo.com\/es\/?page_id=286"},"modified":"2023-09-18T05:03:04","modified_gmt":"2023-09-18T05:03:04","slug":"terminos-y-condiciones","status":"publish","type":"page","link":"https:\/\/suafbo.com\/es\/terminos-y-condiciones\/","title":{"rendered":"T\u00e9rminos y Condiciones de Servicio Universal de Aviaci\u00f3n S.A."},"content":{"rendered":"<p>[vc_row css_animation=&#8221;&#8221; row_type=&#8221;row&#8221; use_row_as_full_screen_section=&#8221;no&#8221; type=&#8221;grid&#8221; angled_section=&#8221;no&#8221; text_align=&#8221;left&#8221; background_image_as_pattern=&#8221;without_pattern&#8221; z_index=&#8221;&#8221;][vc_column][vc_row_inner row_type=&#8221;row&#8221; type=&#8221;full_width&#8221; text_align=&#8221;left&#8221; css_animation=&#8221;&#8221;][vc_column_inner][vc_empty_space][vc_empty_space][\/vc_column_inner][\/vc_row_inner][vc_row_inner row_type=&#8221;row&#8221; type=&#8221;full_width&#8221; text_align=&#8221;left&#8221; css_animation=&#8221;&#8221; el_class=&#8221;lista&#8221;][vc_column_inner][vc_column_text]<\/p>\n<ul>\n<li>Aceptaci\u00f3n de T\u00e9rminos y Condiciones Al acceder y utilizar el sitio web de Servicio Universal de Aviaci\u00f3n S.A., el usuario acepta cumplir con estos T\u00e9rminos y Condiciones, y cualquier otra pol\u00edtica que pueda estar en vigor. Si no est\u00e1 de acuerdo con estos t\u00e9rminos, le instamos a no utilizar nuestro sitio web.<\/li>\n<li>Uso del Sitio<br \/>\na. El usuario se compromete a utilizar el sitio web de manera \u00e9tica y legal.<br \/>\nb. El usuario se compromete a no acceder a \u00e1reas restringidas del sitio sin autorizaci\u00f3n. c. No se permite el uso del sitio para fines ilegales o no autorizados.<\/li>\n<li>Propiedad Intelectual<br \/>\na. Todo el contenido del sitio web, incluyendo texto, im\u00e1genes, gr\u00e1ficos y logotipos, est\u00e1 protegido por derechos de autor.<br \/>\nb. No se permite la reproducci\u00f3n, distribuci\u00f3n o modificaci\u00f3n del contenido sin el permiso previo por escrito de Servicio Universal de Aviaci\u00f3n S.A.<\/li>\n<li>Privacidad y Seguridad<br \/>\na. Protegemos la privacidad de nuestros clientes. Consulte nuestra Pol\u00edtica de Privacidad para obtener m\u00e1s detalles.<br \/>\nb. Mantenemos medidas de seguridad para proteger la informaci\u00f3n confidencial de nuestros clientes.<\/li>\n<li>Reservas y Compras<br \/>\na. Las reservas y compras en nuestro sitio est\u00e1n sujetas a disponibilidad y a los t\u00e9rminos de la tarifa seleccionada.<br \/>\nb. Los precios pueden cambiar sin previo aviso.<\/li>\n<li>Cancelaciones y Reembolsos<br \/>\na. Consulte nuestra Pol\u00edtica de Cancelaci\u00f3n y Reembolso para conocer los detalles espec\u00edficos.<\/li>\n<li>Enlaces Externos<br \/>\na. Nuestro sitio puede contener enlaces a sitios web de terceros. No tenemos control sobre estos sitios y no somos responsables de su contenido o pol\u00edticas de privacidad.<\/li>\n<li>Ley Aplicable<br \/>\na. Estos T\u00e9rminos y Condiciones se rigen por las leyes. Cualquier disputa se resolver\u00e1 en los tribunales.<\/li>\n<li>Contacto Para cualquier pregunta o comentario sobre estos T\u00e9rminos y Condiciones, p\u00f3ngase en contacto con nosotros a trav\u00e9s de info@suafbo.com<\/li>\n<\/ul>\n<p>[\/vc_column_text][vc_empty_space][vc_column_text]<a href=\"https:\/\/suafbo.com\/es\/\"><span style=\"color: #000080;\">&lt;- Regresar al inicio<\/span><\/a>[\/vc_column_text][vc_empty_space][\/vc_column_inner][\/vc_row_inner][vc_row_inner row_type=&#8221;row&#8221; type=&#8221;full_width&#8221; text_align=&#8221;left&#8221; css_animation=&#8221;&#8221;][vc_column_inner][vc_empty_space][\/vc_column_inner][\/vc_row_inner][\/vc_column][\/vc_row]<\/p>\n","protected":false},"excerpt":{"rendered":"<p>[vc_row css_animation=&#8221;&#8221; row_type=&#8221;row&#8221; use_row_as_full_screen_section=&#8221;no&#8221; type=&#8221;grid&#8221; angled_section=&#8221;no&#8221; text_align=&#8221;left&#8221; background_image_as_pattern=&#8221;without_pattern&#8221; z_index=&#8221;&#8221;][vc_column][vc_row_inner row_type=&#8221;row&#8221; type=&#8221;full_width&#8221; text_align=&#8221;left&#8221; css_animation=&#8221;&#8221;][vc_column_inner][vc_empty_space][vc_empty_space][\/vc_column_inner][\/vc_row_inner][vc_row_inner row_type=&#8221;row&#8221; type=&#8221;full_width&#8221; text_align=&#8221;left&#8221; css_animation=&#8221;&#8221; el_class=&#8221;lista&#8221;][vc_column_inner][vc_column_text] Aceptaci\u00f3n de T\u00e9rminos y Condiciones Al acceder y utilizar el sitio web de Servicio Universal de Aviaci\u00f3n S.A., el usuario acepta cumplir con estos T\u00e9rminos y Condiciones,&#8230;<\/p>\n","protected":false},"author":1,"featured_media":0,"parent":0,"menu_order":0,"comment_status":"closed","ping_status":"closed","template":"full_width.php","meta":{"footnotes":"","_joinchat":[]},"_links":{"self":[{"href":"https:\/\/suafbo.com\/es\/wp-json\/wp\/v2\/pages\/286"}],"collection":[{"href":"https:\/\/suafbo.com\/es\/wp-json\/wp\/v2\/pages"}],"about":[{"href":"https:\/\/suafbo.com\/es\/wp-json\/wp\/v2\/types\/page"}],"author":[{"embeddable":true,"href":"https:\/\/suafbo.com\/es\/wp-json\/wp\/v2\/users\/1"}],"replies":[{"embeddable":true,"href":"https:\/\/suafbo.com\/es\/wp-json\/wp\/v2\/comments?post=286"}],"version-history":[{"count":1,"href":"https:\/\/suafbo.com\/es\/wp-json\/wp\/v2\/pages\/286\/revisions"}],"predecessor-version":[{"id":287,"href":"https:\/\/suafbo.com\/es\/wp-json\/wp\/v2\/pages\/286\/revisions\/287"}],"wp:attachment":[{"href":"https:\/\/suafbo.com\/es\/wp-json\/wp\/v2\/media?parent=286"}],"curies":[{"name":"wp","href":"https:\/\/api.w.org\/{rel}","templated":true}]}}