{"id":329,"date":"2025-12-31T12:26:22","date_gmt":"2025-12-31T12:26:22","guid":{"rendered":"https:\/\/suafbo.com\/es\/?page_id=329"},"modified":"2025-12-31T12:31:30","modified_gmt":"2025-12-31T12:31:30","slug":"historia-y-legado","status":"publish","type":"page","link":"https:\/\/suafbo.com\/es\/historia-y-legado\/","title":{"rendered":"Historia y Legado"},"content":{"rendered":"<p>[vc_row css_animation=&#8221;&#8221; row_type=&#8221;row&#8221; use_row_as_full_screen_section=&#8221;no&#8221; type=&#8221;grid&#8221; angled_section=&#8221;no&#8221; text_align=&#8221;left&#8221; background_image_as_pattern=&#8221;without_pattern&#8221; z_index=&#8221;&#8221;][vc_column][vc_row_inner row_type=&#8221;row&#8221; type=&#8221;full_width&#8221; text_align=&#8221;left&#8221; css_animation=&#8221;&#8221;][vc_column_inner][vc_empty_space][\/vc_column_inner][\/vc_row_inner][vc_row_inner row_type=&#8221;row&#8221; type=&#8221;full_width&#8221; text_align=&#8221;left&#8221; css_animation=&#8221;&#8221;][vc_column_inner width=&#8221;1\/2&#8243;][vc_empty_space][vc_single_image image=&#8221;162&#8243; img_size=&#8221;full&#8221; alignment=&#8221;center&#8221; qode_css_animation=&#8221;element_from_left&#8221;][\/vc_column_inner][vc_column_inner width=&#8221;1\/2&#8243;][vc_empty_space][vc_column_text]<span style=\"font-weight: 400; color: #003366; font-size: 35px;\">Un legado que despega y evoluciona<br \/>\n<\/span>[\/vc_column_text][vc_empty_space][vc_column_text]<\/p>\n<p class=\"p1\">Nacimos como una empresa familiar y, con know-how de casi 50 a\u00f1os, hoy entregamos servicios FBO y flight support en todo el Per\u00fa. Nuestra historia se ha construido sobre confianza, transparencia y precisi\u00f3n operativa, con procesos que maduran y se digitalizan para que cada escala sea sin fricciones\u2014antes, durante y despu\u00e9s del vuelo.<\/p>\n<p>[\/vc_column_text][vc_empty_space][vc_column_text]<\/p>\n<h3 style=\"text-align: left;\"><strong><span style=\"color: #efac59;\">L\u00ednea de tiempo<\/span><\/strong><\/h3>\n<p>[\/vc_column_text][vc_empty_space][vc_column_text]<\/p>\n<p class=\"p1\"><strong>Finales de los 70 \u2013 80:<\/strong> Fundaci\u00f3n de SUA para atender aviaci\u00f3n general y ch\u00e1rter. Se consolidan los primeros servicios de rampa y coordinaci\u00f3n en Lima.<\/p>\n<p>&nbsp;<\/p>\n<p class=\"p1\"><strong>1990s:<\/strong> Ampliaci\u00f3n de cartera (tripulaciones, VIP, soporte a cargas y vuelos m\u00e9dicos), y creaci\u00f3n de una red de proveedores locales confiables.<\/p>\n<p>&nbsp;<\/p>\n<p><strong>2004:<\/strong> Certificaci\u00f3n DGAC\u2013Per\u00fa como Operador de Base Fija (FBO), formalizando est\u00e1ndares y alcance.<\/p>\n<p>&nbsp;<\/p>\n<p><strong>2010s:<\/strong> Estandarizaci\u00f3n de procesos, fortalecimiento de alianzas (combustible, catering, transporte) y atenci\u00f3n 24\/7.<\/p>\n<p>&nbsp;<\/p>\n<p><strong>2020s:<\/strong> Segunda generaci\u00f3n al mando, digitalizaci\u00f3n, enfoque en transparencia de costos y expansi\u00f3n de cobertura nacional.<\/p>\n<p>&nbsp;<\/p>\n<p><strong>Hoy:<\/strong> FBO &amp; flight support con presencia en todos los aeropuertos y aer\u00f3dromos operables del pa\u00eds, una operaci\u00f3n centrada en datos, SLA claros y socios estrat\u00e9gicos auditados.[\/vc_column_text][vc_empty_space][\/vc_column_inner][\/vc_row_inner][vc_row_inner row_type=&#8221;row&#8221; type=&#8221;full_width&#8221; text_align=&#8221;left&#8221; css_animation=&#8221;&#8221;][vc_column_inner][vc_empty_space][\/vc_column_inner][\/vc_row_inner][\/vc_column][\/vc_row][vc_row css_animation=&#8221;&#8221; row_type=&#8221;row&#8221; use_row_as_full_screen_section=&#8221;no&#8221; type=&#8221;grid&#8221; angled_section=&#8221;no&#8221; text_align=&#8221;left&#8221; background_image_as_pattern=&#8221;without_pattern&#8221; z_index=&#8221;&#8221;][vc_column][vc_row_inner row_type=&#8221;row&#8221; type=&#8221;full_width&#8221; text_align=&#8221;left&#8221; css_animation=&#8221;&#8221;][vc_column_inner][vc_empty_space][\/vc_column_inner][\/vc_row_inner][vc_row_inner row_type=&#8221;row&#8221; type=&#8221;full_width&#8221; text_align=&#8221;left&#8221; css_animation=&#8221;&#8221;][vc_column_inner][vc_column_text]<\/p>\n<h3 style=\"text-align: left;\"><strong><span style=\"color: #efac59;\">Reconocimientos y relaciones<\/span><\/strong><\/h3>\n<p>[\/vc_column_text][vc_empty_space][vc_column_text]<\/p>\n<p class=\"p1\">Relaciones de largo plazo con actores clave del sector\u2014incluida una colaboraci\u00f3n sostenida con Universal Weather &amp; Aviation\u2014y un historial de cumplimiento con autoridades y operadores en todo el territorio.<\/p>\n<p>[\/vc_column_text][vc_empty_space][vc_column_text]<\/p>\n<p class=\"p1\"><strong>Nuestro ADN operativo (lo aprendido en el camino)<\/strong><\/p>\n<p>&nbsp;<\/p>\n<ul>\n<li class=\"p1\">Planificaci\u00f3n proactiva: pre-coordinaci\u00f3n de CIQ, slots\/UVAs, rampa y traslados.<\/li>\n<li class=\"p1\">Transparencia: alcance definido, tarifas claras y cero sorpresas en la factura.<\/li>\n<li class=\"p1\">Seguridad &amp; cumplimiento: cultura de seguridad y adopci\u00f3n de mejores pr\u00e1cticas globales.<\/li>\n<li class=\"p1\">Optimizaci\u00f3n de recursos: menor tiempo en tierra, mayor previsibilidad.<\/li>\n<li class=\"p1\">Cercan\u00eda y posventa: acompa\u00f1amiento real antes, durante y despu\u00e9s de cada misi\u00f3n.<\/li>\n<li class=\"p1\">Hoy seguimos elevando el est\u00e1ndar, vuelo tras vuelo, con un \u00fanico punto de contacto 24\/7 y ejecuci\u00f3n local en todo el Per\u00fa.<\/li>\n<\/ul>\n<p>[\/vc_column_text][vc_empty_space][\/vc_column_inner][\/vc_row_inner][vc_row_inner row_type=&#8221;row&#8221; type=&#8221;full_width&#8221; text_align=&#8221;left&#8221; css_animation=&#8221;&#8221;][vc_column_inner][vc_empty_space][\/vc_column_inner][\/vc_row_inner][\/vc_column][\/vc_row]<\/p>\n","protected":false},"excerpt":{"rendered":"<p>[vc_row css_animation=&#8221;&#8221; row_type=&#8221;row&#8221; use_row_as_full_screen_section=&#8221;no&#8221; type=&#8221;grid&#8221; angled_section=&#8221;no&#8221; text_align=&#8221;left&#8221; background_image_as_pattern=&#8221;without_pattern&#8221; z_index=&#8221;&#8221;][vc_column][vc_row_inner row_type=&#8221;row&#8221; type=&#8221;full_width&#8221; text_align=&#8221;left&#8221; css_animation=&#8221;&#8221;][vc_column_inner][vc_empty_space][\/vc_column_inner][\/vc_row_inner][vc_row_inner row_type=&#8221;row&#8221; type=&#8221;full_width&#8221; text_align=&#8221;left&#8221; css_animation=&#8221;&#8221;][vc_column_inner width=&#8221;1\/2&#8243;][vc_empty_space][vc_single_image image=&#8221;162&#8243; img_size=&#8221;full&#8221; alignment=&#8221;center&#8221; qode_css_animation=&#8221;element_from_left&#8221;][\/vc_column_inner][vc_column_inner width=&#8221;1\/2&#8243;][vc_empty_space][vc_column_text]Un legado que despega y evoluciona [\/vc_column_text][vc_empty_space][vc_column_text] Nacimos como una empresa familiar y, con know-how de casi 50 a\u00f1os, hoy entregamos servicios FBO&#8230;<\/p>\n","protected":false},"author":1,"featured_media":0,"parent":0,"menu_order":0,"comment_status":"closed","ping_status":"closed","template":"","meta":{"footnotes":"","_joinchat":[]},"_links":{"self":[{"href":"https:\/\/suafbo.com\/es\/wp-json\/wp\/v2\/pages\/329"}],"collection":[{"href":"https:\/\/suafbo.com\/es\/wp-json\/wp\/v2\/pages"}],"about":[{"href":"https:\/\/suafbo.com\/es\/wp-json\/wp\/v2\/types\/page"}],"author":[{"embeddable":true,"href":"https:\/\/suafbo.com\/es\/wp-json\/wp\/v2\/users\/1"}],"replies":[{"embeddable":true,"href":"https:\/\/suafbo.com\/es\/wp-json\/wp\/v2\/comments?post=329"}],"version-history":[{"count":4,"href":"https:\/\/suafbo.com\/es\/wp-json\/wp\/v2\/pages\/329\/revisions"}],"predecessor-version":[{"id":333,"href":"https:\/\/suafbo.com\/es\/wp-json\/wp\/v2\/pages\/329\/revisions\/333"}],"wp:attachment":[{"href":"https:\/\/suafbo.com\/es\/wp-json\/wp\/v2\/media?parent=329"}],"curies":[{"name":"wp","href":"https:\/\/api.w.org\/{rel}","templated":true}]}}