{"id":77,"date":"2023-08-17T04:31:54","date_gmt":"2023-08-17T04:31:54","guid":{"rendered":"https:\/\/suafbo.com\/es\/?page_id=77"},"modified":"2023-09-16T00:09:40","modified_gmt":"2023-09-16T00:09:40","slug":"servicios-en-rampa-de-aeronaves","status":"publish","type":"page","link":"https:\/\/suafbo.com\/es\/servicios-en-rampa-de-aeronaves\/","title":{"rendered":"Servicios en Rampa de Aeronaves"},"content":{"rendered":"<p>[vc_row css_animation=&#8221;&#8221; row_type=&#8221;row&#8221; use_row_as_full_screen_section=&#8221;no&#8221; type=&#8221;grid&#8221; angled_section=&#8221;no&#8221; text_align=&#8221;left&#8221; background_image_as_pattern=&#8221;without_pattern&#8221; z_index=&#8221;&#8221;][vc_column][vc_row_inner row_type=&#8221;row&#8221; type=&#8221;full_width&#8221; text_align=&#8221;left&#8221; css_animation=&#8221;&#8221;][vc_column_inner][vc_empty_space][vc_empty_space][\/vc_column_inner][\/vc_row_inner][vc_row_inner row_type=&#8221;row&#8221; type=&#8221;full_width&#8221; text_align=&#8221;left&#8221; css_animation=&#8221;&#8221; el_class=&#8221;lista&#8221;][vc_column_inner width=&#8221;1\/2&#8243;][vc_column_text]<span style=\"font-weight: 400;\">En Servicio Universal de Aviaci\u00f3n, nos enorgullecemos de ofrecer una amplia gama de servicios en la rampa de aeronaves para satisfacer todas las necesidades de nuestros clientes. Nuestros servicios incluyen:<\/span><\/p>\n<p>&nbsp;<\/p>\n<ul>\n<li>Estacionamiento, se\u00f1alizaci\u00f3n, empuje y remolque de aeronaves.<\/li>\n<li>Limpieza de aeronaves.<\/li>\n<li>Suministro de agua potable y servicios de ba\u00f1o.<\/li>\n<li>Equipo de rampa.<\/li>\n<li>GPU (Unidad de Potencia en Tierra) y ASU (Unidad de Inicio de Aire) y ACU (Unidad de Aire Acondicionado).<\/li>\n<li>Y muchos otros requerimientos personalizados que puedan necesitar.<\/li>\n<\/ul>\n<p>&nbsp;<\/p>\n<p>Nuestro equipo altamente capacitado y comprometido est\u00e1 disponible las 24 horas del d\u00eda, los 7 d\u00edas de la semana, para garantizar una experiencia de rampa eficiente y segura para cada operaci\u00f3n a\u00e9rea.[\/vc_column_text][vc_empty_space][vc_column_text]<a href=\"https:\/\/suafbo.com\/es\/\"><span style=\"color: #000080;\">&lt;- Regresar al inicio<\/span><\/a>[\/vc_column_text][vc_empty_space][\/vc_column_inner][vc_column_inner width=&#8221;1\/2&#8243;][vc_single_image image=&#8221;79&#8243; img_size=&#8221;full&#8221; qode_css_animation=&#8221;element_from_right&#8221;][\/vc_column_inner][\/vc_row_inner][vc_row_inner row_type=&#8221;row&#8221; type=&#8221;full_width&#8221; text_align=&#8221;left&#8221; css_animation=&#8221;&#8221;][vc_column_inner][vc_empty_space][\/vc_column_inner][\/vc_row_inner][\/vc_column][\/vc_row]<\/p>\n","protected":false},"excerpt":{"rendered":"<p>[vc_row css_animation=&#8221;&#8221; row_type=&#8221;row&#8221; use_row_as_full_screen_section=&#8221;no&#8221; type=&#8221;grid&#8221; angled_section=&#8221;no&#8221; text_align=&#8221;left&#8221; background_image_as_pattern=&#8221;without_pattern&#8221; z_index=&#8221;&#8221;][vc_column][vc_row_inner row_type=&#8221;row&#8221; type=&#8221;full_width&#8221; text_align=&#8221;left&#8221; css_animation=&#8221;&#8221;][vc_column_inner][vc_empty_space][vc_empty_space][\/vc_column_inner][\/vc_row_inner][vc_row_inner row_type=&#8221;row&#8221; type=&#8221;full_width&#8221; text_align=&#8221;left&#8221; css_animation=&#8221;&#8221; el_class=&#8221;lista&#8221;][vc_column_inner width=&#8221;1\/2&#8243;][vc_column_text]En Servicio Universal de Aviaci\u00f3n, nos enorgullecemos de ofrecer una amplia gama de servicios en la rampa de aeronaves para satisfacer todas las necesidades de nuestros clientes&#8230;.<\/p>\n","protected":false},"author":1,"featured_media":0,"parent":0,"menu_order":0,"comment_status":"closed","ping_status":"closed","template":"full_width.php","meta":{"footnotes":"","_joinchat":[]},"_links":{"self":[{"href":"https:\/\/suafbo.com\/es\/wp-json\/wp\/v2\/pages\/77"}],"collection":[{"href":"https:\/\/suafbo.com\/es\/wp-json\/wp\/v2\/pages"}],"about":[{"href":"https:\/\/suafbo.com\/es\/wp-json\/wp\/v2\/types\/page"}],"author":[{"embeddable":true,"href":"https:\/\/suafbo.com\/es\/wp-json\/wp\/v2\/users\/1"}],"replies":[{"embeddable":true,"href":"https:\/\/suafbo.com\/es\/wp-json\/wp\/v2\/comments?post=77"}],"version-history":[{"count":9,"href":"https:\/\/suafbo.com\/es\/wp-json\/wp\/v2\/pages\/77\/revisions"}],"predecessor-version":[{"id":285,"href":"https:\/\/suafbo.com\/es\/wp-json\/wp\/v2\/pages\/77\/revisions\/285"}],"wp:attachment":[{"href":"https:\/\/suafbo.com\/es\/wp-json\/wp\/v2\/media?parent=77"}],"curies":[{"name":"wp","href":"https:\/\/api.w.org\/{rel}","templated":true}]}}