{"id":83,"date":"2023-08-17T04:40:50","date_gmt":"2023-08-17T04:40:50","guid":{"rendered":"https:\/\/suafbo.com\/es\/?page_id=83"},"modified":"2023-09-15T22:04:20","modified_gmt":"2023-09-15T22:04:20","slug":"servicios-de-vuelos-de-ayuda-medica","status":"publish","type":"page","link":"https:\/\/suafbo.com\/es\/servicios-de-vuelos-de-ayuda-medica\/","title":{"rendered":"Servicios de vuelos de ayuda m\u00e9dica"},"content":{"rendered":"<p>[vc_row css_animation=&#8221;&#8221; row_type=&#8221;row&#8221; use_row_as_full_screen_section=&#8221;no&#8221; type=&#8221;grid&#8221; angled_section=&#8221;no&#8221; text_align=&#8221;left&#8221; background_image_as_pattern=&#8221;without_pattern&#8221; z_index=&#8221;&#8221;][vc_column][vc_row_inner row_type=&#8221;row&#8221; type=&#8221;full_width&#8221; text_align=&#8221;left&#8221; css_animation=&#8221;&#8221;][vc_column_inner][vc_empty_space][vc_empty_space][\/vc_column_inner][\/vc_row_inner][vc_row_inner row_type=&#8221;row&#8221; type=&#8221;full_width&#8221; text_align=&#8221;left&#8221; css_animation=&#8221;&#8221; el_class=&#8221;lista&#8221;][vc_column_inner width=&#8221;1\/2&#8243;][vc_column_text]<span style=\"font-weight: 400;\">En Servicio Universal de Aviaci\u00f3n, comprendemos la importancia y la urgencia de los vuelos de ayuda m\u00e9dica. Nuestros servicios est\u00e1n dise\u00f1ados para asegurar una coordinaci\u00f3n eficiente y r\u00e1pida en estas situaciones cr\u00edticas. Ofrecemos:<\/span><\/p>\n<p>&nbsp;<\/p>\n<ul>\n<li style=\"font-weight: 400;\">Coordinaci\u00f3n entre las instalaciones de env\u00edo y recepci\u00f3n para garantizar una transici\u00f3n sin problemas en la atenci\u00f3n.<\/li>\n<li style=\"font-weight: 400;\">Gesti\u00f3n de todos los detalles de viajes terrestres hacia y desde el aeropuerto.<\/li>\n<li style=\"font-weight: 400;\">Arreglos de ambulancia terrestre y otros requerimientos personalizados que pueda necesitar.<\/li>\n<\/ul>\n<p>&nbsp;<\/p>\n<p><span style=\"font-weight: 400;\">Nuestro equipo altamente capacitado y sensible est\u00e1 disponible las 24 horas del d\u00eda, los 7 d\u00edas de la semana, para responder r\u00e1pidamente y brindar asistencia en vuelos de ayuda m\u00e9dica.<\/span>[\/vc_column_text][vc_empty_space][vc_column_text]<a href=\"https:\/\/suafbo.com\/es\/\"><span style=\"color: #000080;\">&lt;- Regresar al inicio<\/span><\/a>[\/vc_column_text][vc_empty_space][\/vc_column_inner][vc_column_inner width=&#8221;1\/2&#8243;][vc_single_image image=&#8221;85&#8243; img_size=&#8221;full&#8221; qode_css_animation=&#8221;element_from_right&#8221;][\/vc_column_inner][\/vc_row_inner][vc_row_inner row_type=&#8221;row&#8221; type=&#8221;full_width&#8221; text_align=&#8221;left&#8221; css_animation=&#8221;&#8221;][vc_column_inner][vc_empty_space][\/vc_column_inner][\/vc_row_inner][\/vc_column][\/vc_row]<\/p>\n","protected":false},"excerpt":{"rendered":"<p>[vc_row css_animation=&#8221;&#8221; row_type=&#8221;row&#8221; use_row_as_full_screen_section=&#8221;no&#8221; type=&#8221;grid&#8221; angled_section=&#8221;no&#8221; text_align=&#8221;left&#8221; background_image_as_pattern=&#8221;without_pattern&#8221; z_index=&#8221;&#8221;][vc_column][vc_row_inner row_type=&#8221;row&#8221; type=&#8221;full_width&#8221; text_align=&#8221;left&#8221; css_animation=&#8221;&#8221;][vc_column_inner][vc_empty_space][vc_empty_space][\/vc_column_inner][\/vc_row_inner][vc_row_inner row_type=&#8221;row&#8221; type=&#8221;full_width&#8221; text_align=&#8221;left&#8221; css_animation=&#8221;&#8221; el_class=&#8221;lista&#8221;][vc_column_inner width=&#8221;1\/2&#8243;][vc_column_text]En Servicio Universal de Aviaci\u00f3n, comprendemos la importancia y la urgencia de los vuelos de ayuda m\u00e9dica. Nuestros servicios est\u00e1n dise\u00f1ados para asegurar una coordinaci\u00f3n eficiente y&#8230;<\/p>\n","protected":false},"author":1,"featured_media":0,"parent":0,"menu_order":0,"comment_status":"closed","ping_status":"closed","template":"full_width.php","meta":{"footnotes":"","_joinchat":[]},"_links":{"self":[{"href":"https:\/\/suafbo.com\/es\/wp-json\/wp\/v2\/pages\/83"}],"collection":[{"href":"https:\/\/suafbo.com\/es\/wp-json\/wp\/v2\/pages"}],"about":[{"href":"https:\/\/suafbo.com\/es\/wp-json\/wp\/v2\/types\/page"}],"author":[{"embeddable":true,"href":"https:\/\/suafbo.com\/es\/wp-json\/wp\/v2\/users\/1"}],"replies":[{"embeddable":true,"href":"https:\/\/suafbo.com\/es\/wp-json\/wp\/v2\/comments?post=83"}],"version-history":[{"count":11,"href":"https:\/\/suafbo.com\/es\/wp-json\/wp\/v2\/pages\/83\/revisions"}],"predecessor-version":[{"id":280,"href":"https:\/\/suafbo.com\/es\/wp-json\/wp\/v2\/pages\/83\/revisions\/280"}],"wp:attachment":[{"href":"https:\/\/suafbo.com\/es\/wp-json\/wp\/v2\/media?parent=83"}],"curies":[{"name":"wp","href":"https:\/\/api.w.org\/{rel}","templated":true}]}}