{"id":94,"date":"2023-08-17T05:23:37","date_gmt":"2023-08-17T05:23:37","guid":{"rendered":"https:\/\/suafbo.com\/es\/?page_id=94"},"modified":"2023-09-16T00:08:53","modified_gmt":"2023-09-16T00:08:53","slug":"servicios-de-mantenimiento-aeronautico-principal","status":"publish","type":"page","link":"https:\/\/suafbo.com\/es\/servicios-de-mantenimiento-aeronautico-principal\/","title":{"rendered":"Servicios de Mantenimiento Aeron\u00e1utico Principal"},"content":{"rendered":"<p>[vc_row css_animation=&#8221;&#8221; row_type=&#8221;row&#8221; use_row_as_full_screen_section=&#8221;no&#8221; type=&#8221;grid&#8221; angled_section=&#8221;no&#8221; text_align=&#8221;left&#8221; background_image_as_pattern=&#8221;without_pattern&#8221; z_index=&#8221;&#8221;][vc_column][vc_row_inner row_type=&#8221;row&#8221; type=&#8221;full_width&#8221; text_align=&#8221;left&#8221; css_animation=&#8221;&#8221;][vc_column_inner][vc_empty_space][vc_empty_space][\/vc_column_inner][\/vc_row_inner][vc_row_inner row_type=&#8221;row&#8221; type=&#8221;full_width&#8221; text_align=&#8221;left&#8221; css_animation=&#8221;&#8221; el_class=&#8221;lista&#8221;][vc_column_inner width=&#8221;1\/2&#8243;][vc_column_text]<span style=\"font-weight: 400;\">En Servicio Universal de Aviaci\u00f3n, nos enorgullecemos de ofrecer servicios de mantenimiento aeron\u00e1utico de la m\u00e1s alta calidad. Nuestro equipo altamente capacitado y experimentado est\u00e1 listo para brindar un servicio completo y confiable para mantener su flota en \u00f3ptimas condiciones. Ofrecemos:<\/span><\/p>\n<ul>\n<li>Mantenimiento de l\u00ednea y base.<\/li>\n<li>Almac\u00e9n y log\u00edstica eficiente.<\/li>\n<li>Centro de control de mantenimiento (MCC) para supervisi\u00f3n y coordinaci\u00f3n.<\/li>\n<li>Y muchos otros requerimientos personalizados que puedan necesitar.<\/li>\n<\/ul>\n<p><span style=\"font-weight: 400;\">Adem\u00e1s, estamos dispuestos a proporcionar otros servicios personalizados para satisfacer sus necesidades espec\u00edficas.<\/span>[\/vc_column_text][vc_empty_space][vc_column_text]<a href=\"https:\/\/suafbo.com\/es\/\"><span style=\"color: #000080;\">&lt;- Regresar al inicio<\/span><\/a>[\/vc_column_text][vc_empty_space][\/vc_column_inner][vc_column_inner width=&#8221;1\/2&#8243;][vc_single_image image=&#8221;96&#8243; img_size=&#8221;full&#8221; qode_css_animation=&#8221;element_from_right&#8221;][\/vc_column_inner][\/vc_row_inner][vc_row_inner row_type=&#8221;row&#8221; type=&#8221;full_width&#8221; text_align=&#8221;left&#8221; css_animation=&#8221;&#8221;][vc_column_inner][vc_empty_space][\/vc_column_inner][\/vc_row_inner][\/vc_column][\/vc_row]<\/p>\n","protected":false},"excerpt":{"rendered":"<p>[vc_row css_animation=&#8221;&#8221; row_type=&#8221;row&#8221; use_row_as_full_screen_section=&#8221;no&#8221; type=&#8221;grid&#8221; angled_section=&#8221;no&#8221; text_align=&#8221;left&#8221; background_image_as_pattern=&#8221;without_pattern&#8221; z_index=&#8221;&#8221;][vc_column][vc_row_inner row_type=&#8221;row&#8221; type=&#8221;full_width&#8221; text_align=&#8221;left&#8221; css_animation=&#8221;&#8221;][vc_column_inner][vc_empty_space][vc_empty_space][\/vc_column_inner][\/vc_row_inner][vc_row_inner row_type=&#8221;row&#8221; type=&#8221;full_width&#8221; text_align=&#8221;left&#8221; css_animation=&#8221;&#8221; el_class=&#8221;lista&#8221;][vc_column_inner width=&#8221;1\/2&#8243;][vc_column_text]En Servicio Universal de Aviaci\u00f3n, nos enorgullecemos de ofrecer servicios de mantenimiento aeron\u00e1utico de la m\u00e1s alta calidad. Nuestro equipo altamente capacitado y experimentado est\u00e1 listo para&#8230;<\/p>\n","protected":false},"author":1,"featured_media":0,"parent":0,"menu_order":0,"comment_status":"closed","ping_status":"closed","template":"full_width.php","meta":{"footnotes":"","_joinchat":[]},"_links":{"self":[{"href":"https:\/\/suafbo.com\/es\/wp-json\/wp\/v2\/pages\/94"}],"collection":[{"href":"https:\/\/suafbo.com\/es\/wp-json\/wp\/v2\/pages"}],"about":[{"href":"https:\/\/suafbo.com\/es\/wp-json\/wp\/v2\/types\/page"}],"author":[{"embeddable":true,"href":"https:\/\/suafbo.com\/es\/wp-json\/wp\/v2\/users\/1"}],"replies":[{"embeddable":true,"href":"https:\/\/suafbo.com\/es\/wp-json\/wp\/v2\/comments?post=94"}],"version-history":[{"count":8,"href":"https:\/\/suafbo.com\/es\/wp-json\/wp\/v2\/pages\/94\/revisions"}],"predecessor-version":[{"id":284,"href":"https:\/\/suafbo.com\/es\/wp-json\/wp\/v2\/pages\/94\/revisions\/284"}],"wp:attachment":[{"href":"https:\/\/suafbo.com\/es\/wp-json\/wp\/v2\/media?parent=94"}],"curies":[{"name":"wp","href":"https:\/\/api.w.org\/{rel}","templated":true}]}}