{"id":106,"date":"2023-08-17T05:46:14","date_gmt":"2023-08-17T05:46:14","guid":{"rendered":"https:\/\/suafbo.com\/po\/?page_id=106"},"modified":"2023-09-16T00:14:53","modified_gmt":"2023-09-16T00:14:53","slug":"servicos-gerais","status":"publish","type":"page","link":"https:\/\/suafbo.com\/po\/servicos-gerais\/","title":{"rendered":"Servi\u00e7os gerais"},"content":{"rendered":"<p>[vc_row css_animation=&#8221;&#8221; row_type=&#8221;row&#8221; use_row_as_full_screen_section=&#8221;no&#8221; type=&#8221;grid&#8221; angled_section=&#8221;no&#8221; text_align=&#8221;left&#8221; background_image_as_pattern=&#8221;without_pattern&#8221; z_index=&#8221;&#8221;][vc_column][vc_row_inner row_type=&#8221;row&#8221; type=&#8221;full_width&#8221; text_align=&#8221;left&#8221; css_animation=&#8221;&#8221;][vc_column_inner][vc_empty_space][vc_empty_space][\/vc_column_inner][\/vc_row_inner][vc_row_inner row_type=&#8221;row&#8221; type=&#8221;full_width&#8221; text_align=&#8221;left&#8221; css_animation=&#8221;&#8221; el_class=&#8221;lista&#8221;][vc_column_inner width=&#8221;1\/2&#8243;][vc_column_text]A nossa empresa proporciona uma vasta experi\u00eancia, um profundo conhecimento do mercado e uma solu\u00e7\u00e3o chave na m\u00e3o que nos diferencia dos nossos concorrentes. Temos o compromisso de entregar resultados excepcionais e superar as expectativas de nossos clientes. Oferecemos os seguintes servi\u00e7os:<\/p>\n<p>&nbsp;<\/p>\n<ul>\n<li>Suporte operacional 24 horas por dia, 7 dias por semana.<\/li>\n<li>Coordena\u00e7\u00e3o de voos presidenciais, VIP, diplom\u00e1ticos, militares, comerciais, musicais, cargueiros, corporativos e privados.<\/li>\n<li>Gest\u00e3o de Aeronaves.<\/li>\n<li>Coordena\u00e7\u00e3o de slots.<\/li>\n<li>Obten\u00e7\u00e3o de licen\u00e7as de sobrevoo e pouso para a regi\u00e3o.<\/li>\n<li>Estacionamento em rampa.<\/li>\n<li>Arquivamento e Verifica\u00e7\u00e3o FPL.<\/li>\n<li>Rastreamento de licen\u00e7as em tempo real.<\/li>\n<li>Buffet VIP.<\/li>\n<li>Desconto em reservas de hot\u00e9is.<\/li>\n<li>Transfer\u00eancia em ve\u00edculos VIP.<\/li>\n<li>Coordena\u00e7\u00e3o de combust\u00edvel Jet A-1 e AVGAS.<\/li>\n<li>Paradas t\u00e9cnicas de curta dura\u00e7\u00e3o.<\/li>\n<li>Transfer\u00eancias banc\u00e1rias e pagamentos com cart\u00e3o de cr\u00e9dito.<\/li>\n<\/ul>\n<p>[\/vc_column_text][vc_empty_space][vc_column_text]<a href=\"https:\/\/suafbo.com\/po\/\"><span style=\"color: #000080;\">&lt;- Voltar<\/span><\/a>[\/vc_column_text][vc_empty_space][\/vc_column_inner][vc_column_inner width=&#8221;1\/2&#8243;][vc_single_image image=&#8221;115&#8243; img_size=&#8221;full&#8221; qode_css_animation=&#8221;element_from_right&#8221;][\/vc_column_inner][\/vc_row_inner][vc_row_inner row_type=&#8221;row&#8221; type=&#8221;full_width&#8221; text_align=&#8221;left&#8221; css_animation=&#8221;&#8221;][vc_column_inner][vc_empty_space][\/vc_column_inner][\/vc_row_inner][\/vc_column][\/vc_row]<\/p>\n","protected":false},"excerpt":{"rendered":"<p>[vc_row css_animation=&#8221;&#8221; row_type=&#8221;row&#8221; use_row_as_full_screen_section=&#8221;no&#8221; type=&#8221;grid&#8221; angled_section=&#8221;no&#8221; text_align=&#8221;left&#8221; background_image_as_pattern=&#8221;without_pattern&#8221; z_index=&#8221;&#8221;][vc_column][vc_row_inner row_type=&#8221;row&#8221; type=&#8221;full_width&#8221; text_align=&#8221;left&#8221; css_animation=&#8221;&#8221;][vc_column_inner][vc_empty_space][vc_empty_space][\/vc_column_inner][\/vc_row_inner][vc_row_inner row_type=&#8221;row&#8221; type=&#8221;full_width&#8221; text_align=&#8221;left&#8221; css_animation=&#8221;&#8221; el_class=&#8221;lista&#8221;][vc_column_inner width=&#8221;1\/2&#8243;][vc_column_text]A nossa empresa proporciona uma vasta experi\u00eancia, um profundo conhecimento do mercado e uma solu\u00e7\u00e3o chave na m\u00e3o que nos diferencia dos nossos concorrentes. Temos o compromisso&#8230;<\/p>\n","protected":false},"author":1,"featured_media":0,"parent":0,"menu_order":0,"comment_status":"closed","ping_status":"closed","template":"full_width.php","meta":{"footnotes":"","_joinchat":[]},"_links":{"self":[{"href":"https:\/\/suafbo.com\/po\/wp-json\/wp\/v2\/pages\/106"}],"collection":[{"href":"https:\/\/suafbo.com\/po\/wp-json\/wp\/v2\/pages"}],"about":[{"href":"https:\/\/suafbo.com\/po\/wp-json\/wp\/v2\/types\/page"}],"author":[{"embeddable":true,"href":"https:\/\/suafbo.com\/po\/wp-json\/wp\/v2\/users\/1"}],"replies":[{"embeddable":true,"href":"https:\/\/suafbo.com\/po\/wp-json\/wp\/v2\/comments?post=106"}],"version-history":[{"count":11,"href":"https:\/\/suafbo.com\/po\/wp-json\/wp\/v2\/pages\/106\/revisions"}],"predecessor-version":[{"id":281,"href":"https:\/\/suafbo.com\/po\/wp-json\/wp\/v2\/pages\/106\/revisions\/281"}],"wp:attachment":[{"href":"https:\/\/suafbo.com\/po\/wp-json\/wp\/v2\/media?parent=106"}],"curies":[{"name":"wp","href":"https:\/\/api.w.org\/{rel}","templated":true}]}}