{"id":118,"date":"2023-08-17T06:08:09","date_gmt":"2023-08-17T06:08:09","guid":{"rendered":"https:\/\/suafbo.com\/po\/?page_id=118"},"modified":"2026-01-12T14:41:01","modified_gmt":"2026-01-12T14:41:01","slug":"nos","status":"publish","type":"page","link":"https:\/\/suafbo.com\/po\/nos\/","title":{"rendered":"N\u00f3s"},"content":{"rendered":"<p>[vc_row css_animation=&#8221;&#8221; row_type=&#8221;row&#8221; use_row_as_full_screen_section=&#8221;no&#8221; type=&#8221;grid&#8221; angled_section=&#8221;no&#8221; text_align=&#8221;left&#8221; background_image_as_pattern=&#8221;without_pattern&#8221; z_index=&#8221;&#8221;][vc_column][vc_row_inner row_type=&#8221;row&#8221; type=&#8221;full_width&#8221; text_align=&#8221;left&#8221; css_animation=&#8221;&#8221;][vc_column_inner][vc_empty_space][vc_empty_space][\/vc_column_inner][\/vc_row_inner][vc_row_inner row_type=&#8221;row&#8221; type=&#8221;full_width&#8221; text_align=&#8221;left&#8221; css_animation=&#8221;&#8221;][vc_column_inner width=&#8221;1\/2&#8243;][vc_column_text]<\/p>\n<h2><span style=\"font-weight: 400; color: #efac59;\">Do t\u00e1xi \u00e0 decolagem e ao pouso, seu aliado de confian\u00e7a em todo o Peru<\/span><\/h2>\n<p>[\/vc_column_text][vc_empty_space][vc_column_text]<\/p>\n<p class=\"p1\"><b>Bem-vindos \u00e0 Servicio Universal de Aviaci\u00f3n S.A. (SUA FBO). <\/b>Com <b>quase 50 anos de know-how<\/b> e a for\u00e7a de uma <b>empresa familiar de segunda <\/b><b>gera\u00e7\u00e3o<\/b>, oferecemos <b>servi\u00e7os FBO e suporte operacional em todos os aeroportos <\/b><b>e aer\u00f3dromos oper\u00e1veis do Peru<\/b>. Convertimos miss\u00f5es complexas em experi\u00eancias <b>sem atritos<\/b> por meio de solu\u00e7\u00f5es <b>integradas e turnkey<\/b>: coordena\u00e7\u00e3o CIQ, slots\/permiss\u00f5es, p\u00e1tio\/rampa, combust\u00edvel, transporte terrestre, VIP &amp; Fast Track, medevac, carga e suporte de despacho\u2014com <b>parceiros estrat\u00e9gicos auditados<\/b> e processos em evolu\u00e7\u00e3o cont\u00ednua.<\/p>\n<p>&nbsp;<\/p>\n<p class=\"p1\"><b>Nossa promessa:<\/b> <b>pontualidade, seguran\u00e7a e transpar\u00eancia<\/b>, <b>sem surpresas na <\/b><b>fatura<\/b> e <b>acompanhamento real antes, durante e depois<\/b> de cada voo.<\/p>\n<p>&nbsp;<\/p>\n<p class=\"p1\"><b>Cobertura Nacional<\/b><\/p>\n<p class=\"p1\"><span class=\"s1\">\u2022<\/span> Atendimento 24\/7 <b>em todo o Peru<\/b>.<span class=\"s1\">\u2022<\/span> Coordena\u00e7\u00e3o central com <b>execu\u00e7\u00e3o local<\/b> via parceiros auditados.<\/p>\n<p class=\"p1\"><span class=\"s1\">\u2022<\/span> Alinhamento operacional com autoridades e procedimentos de cada terminal.<\/p>\n<p>[\/vc_column_text][\/vc_column_inner][vc_column_inner width=&#8221;1\/2&#8243;][vc_single_image image=&#8221;165&#8243; img_size=&#8221;full&#8221; qode_css_animation=&#8221;element_from_right&#8221;][\/vc_column_inner][\/vc_row_inner][vc_row_inner row_type=&#8221;row&#8221; type=&#8221;full_width&#8221; text_align=&#8221;left&#8221; css_animation=&#8221;&#8221;][vc_column_inner][vc_empty_space][\/vc_column_inner][\/vc_row_inner][\/vc_column][\/vc_row][vc_row css_animation=&#8221;&#8221; row_type=&#8221;row&#8221; use_row_as_full_screen_section=&#8221;no&#8221; type=&#8221;grid&#8221; angled_section=&#8221;no&#8221; text_align=&#8221;left&#8221; background_image_as_pattern=&#8221;without_pattern&#8221; z_index=&#8221;&#8221; el_class=&#8221;bloque&#8221;][vc_column width=&#8221;1\/2&#8243; css=&#8221;.vc_custom_1692254065246{margin-right: 5px !important;padding-right: 50px !important;padding-left: 50px !important;background-color: #e8e8e8 !important;border-radius: 10px !important;}&#8221; el_class=&#8221;bloque&#8221;][vc_column_text]<span style=\"color: #000000;\"><strong>MISS\u00c3O<\/strong><\/span><\/p>\n<p><span style=\"font-weight: 400; color: #000000;\">Oferecer servi\u00e7os FBO e de suporte operacional integrais, transparentes e seguros em todo o Peru, pr\u00e9-coordenando cada detalhe para otimizar tempo e recursos dos clientes. Como empresa familiar de segunda gera\u00e7\u00e3o, entregamos um servi\u00e7o pr\u00f3ximo e respons\u00e1vel, com p\u00f3s-venda efetivo, possibilitando opera\u00e7\u00f5es previs\u00edveis e sem atritos.<br \/>\n<\/span>[\/vc_column_text][vc_empty_space][\/vc_column][vc_column width=&#8221;1\/2&#8243; css=&#8221;.vc_custom_1692253933601{margin-left: 5px !important;padding-right: 50px !important;padding-left: 50px !important;background-color: #efac59 !important;border-radius: 10px !important;}&#8221; el_class=&#8221;bloque&#8221;][vc_column_text]<span style=\"color: #000000;\"><strong>VIS\u00c3O<\/strong><\/span><\/p>\n<p class=\"p1\"><span style=\"color: #000000;\"><b>Ser o FBO e a rede de flight support de refer\u00eancia no Peru e na regi\u00e3o<\/b>, reconhecidos pelo <b>know-how de quase cinco d\u00e9cadas<\/b>, <b>cobertura nacional<\/b>, <b>precis\u00e3o operacional<\/b> e <b>integridade na gest\u00e3o<\/b>. Buscamos consolidar a lideran\u00e7a com inova\u00e7\u00e3o cont\u00ednua, padr\u00f5es globais e rela\u00e7\u00f5es de confian\u00e7a que impulsionem o sucesso de cada miss\u00e3o.<\/span><\/p>\n<p>[\/vc_column_text][vc_empty_space][\/vc_column][\/vc_row][vc_row css_animation=&#8221;&#8221; row_type=&#8221;row&#8221; use_row_as_full_screen_section=&#8221;no&#8221; type=&#8221;grid&#8221; angled_section=&#8221;no&#8221; text_align=&#8221;left&#8221; background_image_as_pattern=&#8221;without_pattern&#8221; z_index=&#8221;&#8221;][vc_column][vc_row_inner row_type=&#8221;row&#8221; type=&#8221;full_width&#8221; text_align=&#8221;left&#8221; css_animation=&#8221;&#8221;][vc_column_inner][vc_empty_space][vc_empty_space][\/vc_column_inner][\/vc_row_inner][vc_row_inner row_type=&#8221;row&#8221; type=&#8221;full_width&#8221; text_align=&#8221;left&#8221; css_animation=&#8221;&#8221;][vc_column_inner][vc_column_text]<\/p>\n<h3 style=\"text-align: center;\"><strong><span style=\"color: #efac59;\">Diferenciais<\/span><\/strong><\/h3>\n<p>[\/vc_column_text][\/vc_column_inner][\/vc_row_inner][vc_row_inner row_type=&#8221;row&#8221; type=&#8221;full_width&#8221; text_align=&#8221;left&#8221; css_animation=&#8221;&#8221;][vc_column_inner][vc_empty_space][\/vc_column_inner][\/vc_row_inner][vc_row_inner row_type=&#8221;row&#8221; type=&#8221;full_width&#8221; text_align=&#8221;left&#8221; css_animation=&#8221;&#8221;][vc_column_inner width=&#8221;1\/4&#8243;][vc_single_image image=&#8221;327&#8243; img_size=&#8221;full&#8221; alignment=&#8221;center&#8221; qode_css_animation=&#8221;element_from_bottom&#8221;][vc_empty_space height=&#8221;20px&#8221;][vc_column_text]<\/p>\n<p style=\"text-align: center;\"><span style=\"font-weight: 400;\">Quase 50 anos de know-how + presen\u00e7a nacional.<\/span><\/p>\n<p>[\/vc_column_text][vc_empty_space][\/vc_column_inner][vc_column_inner width=&#8221;1\/4&#8243;][vc_single_image image=&#8221;327&#8243; img_size=&#8221;full&#8221; alignment=&#8221;center&#8221; qode_css_animation=&#8221;element_from_bottom&#8221;][vc_empty_space height=&#8221;20px&#8221;][vc_column_text]<\/p>\n<p style=\"text-align: center;\"><span style=\"font-weight: 400;\">Um \u00fanico ponto de contato 24\/7 com execu\u00e7\u00e3o local e parceiros auditados.<br \/>\n<\/span><\/p>\n<p>[\/vc_column_text][vc_empty_space][\/vc_column_inner][vc_column_inner width=&#8221;1\/4&#8243;][vc_single_image image=&#8221;327&#8243; img_size=&#8221;full&#8221; alignment=&#8221;center&#8221; qode_css_animation=&#8221;element_from_bottom&#8221;][vc_empty_space height=&#8221;20px&#8221;][vc_column_text]<\/p>\n<p style=\"text-align: center;\"><span style=\"font-weight: 400;\">Processos claros e mensur\u00e1veis que reduzem incerteza e tempo em solo.<br \/>\n<\/span><\/p>\n<p>[\/vc_column_text][vc_empty_space][\/vc_column_inner][vc_column_inner width=&#8221;1\/4&#8243;][vc_single_image image=&#8221;327&#8243; img_size=&#8221;full&#8221; alignment=&#8221;center&#8221; qode_css_animation=&#8221;element_from_bottom&#8221;][vc_empty_space height=&#8221;20px&#8221;][vc_column_text]<\/p>\n<p style=\"text-align: center;\"><span style=\"font-weight: 400;\">Transpar\u00eancia total: escopo definido, pre\u00e7os claros e acompanhamento p\u00f3s-<\/span><span style=\"font-weight: 400;\">voo.<br \/>\n<\/span><\/p>\n<p>[\/vc_column_text][vc_empty_space][\/vc_column_inner][\/vc_row_inner][\/vc_column][\/vc_row][vc_row css_animation=&#8221;&#8221; row_type=&#8221;row&#8221; use_row_as_full_screen_section=&#8221;no&#8221; type=&#8221;grid&#8221; angled_section=&#8221;no&#8221; text_align=&#8221;left&#8221; background_image_as_pattern=&#8221;without_pattern&#8221; z_index=&#8221;&#8221;][vc_column][vc_row_inner row_type=&#8221;row&#8221; type=&#8221;full_width&#8221; text_align=&#8221;left&#8221; css_animation=&#8221;&#8221;][vc_column_inner][vc_empty_space][vc_empty_space][\/vc_column_inner][\/vc_row_inner][vc_row_inner row_type=&#8221;row&#8221; type=&#8221;full_width&#8221; text_align=&#8221;left&#8221; css_animation=&#8221;&#8221;][vc_column_inner][vc_column_text]<\/p>\n<h3 style=\"text-align: center;\"><strong><span style=\"color: #efac59;\">Nossos valores<\/span><\/strong><\/h3>\n<p>[\/vc_column_text][\/vc_column_inner][\/vc_row_inner][vc_row_inner row_type=&#8221;row&#8221; type=&#8221;full_width&#8221; text_align=&#8221;left&#8221; css_animation=&#8221;&#8221;][vc_column_inner][vc_empty_space][\/vc_column_inner][\/vc_row_inner][vc_row_inner row_type=&#8221;row&#8221; type=&#8221;full_width&#8221; text_align=&#8221;left&#8221; css_animation=&#8221;&#8221;][vc_column_inner width=&#8221;1\/4&#8243;][vc_single_image image=&#8221;137&#8243; img_size=&#8221;full&#8221; alignment=&#8221;center&#8221; qode_css_animation=&#8221;element_from_bottom&#8221;][vc_empty_space height=&#8221;20px&#8221;][vc_column_text]<\/p>\n<h3 style=\"text-align: center;\"><span style=\"color: #001437;\">Confian\u00e7a<\/span><\/h3>\n<p>[\/vc_column_text][vc_empty_space height=&#8221;20px&#8221;][vc_column_text]<\/p>\n<p style=\"text-align: center;\"><span style=\"font-weight: 400;\">Acreditamos na import\u00e2ncia da confian\u00e7a como base de todos os nossos relacionamentos com clientes, fornecedores e colaboradores. Esfor\u00e7amo-nos para ser transparentes e honestos em cada intera\u00e7\u00e3o.<\/span><\/p>\n<p>[\/vc_column_text][vc_empty_space][\/vc_column_inner][vc_column_inner width=&#8221;1\/4&#8243;][vc_single_image image=&#8221;138&#8243; img_size=&#8221;full&#8221; alignment=&#8221;center&#8221; qode_css_animation=&#8221;element_from_bottom&#8221;][vc_empty_space height=&#8221;20px&#8221;][vc_column_text]<\/p>\n<h3 style=\"text-align: center;\"><span style=\"color: #001437;\">Excel\u00eancia<\/span><\/h3>\n<p>[\/vc_column_text][vc_empty_space height=&#8221;20px&#8221;][vc_column_text]<\/p>\n<p style=\"text-align: center;\"><span style=\"font-weight: 400;\">Buscamos a excel\u00eancia em tudo o que fazemos, desde nossos servi\u00e7os at\u00e9 o atendimento ao cliente. Nos esfor\u00e7amos constantemente para superar os padr\u00f5es da ind\u00fastria.<br \/>\n<\/span><\/p>\n<p>[\/vc_column_text][vc_empty_space][\/vc_column_inner][vc_column_inner width=&#8221;1\/4&#8243;][vc_single_image image=&#8221;139&#8243; img_size=&#8221;full&#8221; alignment=&#8221;center&#8221; qode_css_animation=&#8221;element_from_bottom&#8221;][vc_empty_space height=&#8221;20px&#8221;][vc_column_text]<\/p>\n<h3 style=\"text-align: center;\"><span style=\"color: #001437;\">Personaliza\u00e7\u00e3o<\/span><\/h3>\n<p>[\/vc_column_text][vc_empty_space height=&#8221;20px&#8221;][vc_column_text]<\/p>\n<p style=\"text-align: center;\"><span style=\"font-weight: 400;\">Entendemos que cada cliente tem necessidades \u00fanicas, por isso focamos em fornecer solu\u00e7\u00f5es personalizadas que atendam aos seus requisitos espec\u00edficos.<br \/>\n<\/span><\/p>\n<p>[\/vc_column_text][vc_empty_space][\/vc_column_inner][vc_column_inner width=&#8221;1\/4&#8243;][vc_single_image image=&#8221;141&#8243; img_size=&#8221;full&#8221; alignment=&#8221;center&#8221; qode_css_animation=&#8221;element_from_bottom&#8221;][vc_empty_space height=&#8221;20px&#8221;][vc_column_text]<\/p>\n<h3 style=\"text-align: center;\"><span style=\"color: #001437;\">Inova\u00e7\u00e3o<\/span><\/h3>\n<p>[\/vc_column_text][vc_empty_space height=&#8221;20px&#8221;][vc_column_text]<\/p>\n<p style=\"text-align: center;\"><span style=\"font-weight: 400;\">Mantemo-nos atualizados com as \u00faltimas tend\u00eancias e tecnologias do setor para melhorar constantemente nossos servi\u00e7os e processos.<br \/>\n<\/span><\/p>\n<p>[\/vc_column_text][vc_empty_space][\/vc_column_inner][\/vc_row_inner][vc_row_inner row_type=&#8221;row&#8221; type=&#8221;full_width&#8221; text_align=&#8221;left&#8221; css_animation=&#8221;&#8221;][vc_column_inner width=&#8221;1\/4&#8243;][vc_single_image image=&#8221;137&#8243; img_size=&#8221;full&#8221; alignment=&#8221;center&#8221; qode_css_animation=&#8221;element_from_top&#8221;][vc_empty_space height=&#8221;20px&#8221;][vc_column_text]<\/p>\n<h3 style=\"text-align: center;\"><span style=\"color: #001437;\">Responsabilidade<\/span><\/h3>\n<p>[\/vc_column_text][vc_empty_space height=&#8221;20px&#8221;][vc_column_text]<\/p>\n<p style=\"text-align: center;\"><span style=\"font-weight: 400;\">Assumimos a responsabilidade de cumprir com os compromissos assumidos e de proteger o meio ambiente em cada uma de nossas opera\u00e7\u00f5es.<br \/>\n<\/span><\/p>\n<p>[\/vc_column_text][vc_empty_space][\/vc_column_inner][vc_column_inner width=&#8221;1\/4&#8243;][vc_single_image image=&#8221;146&#8243; img_size=&#8221;full&#8221; alignment=&#8221;center&#8221; qode_css_animation=&#8221;element_from_top&#8221;][vc_empty_space height=&#8221;20px&#8221;][vc_column_text]<\/p>\n<h3 style=\"text-align: center;\"><span style=\"color: #001437;\">Colabora\u00e7\u00e3o<\/span><\/h3>\n<p>[\/vc_column_text][vc_empty_space height=&#8221;20px&#8221;][vc_column_text]<\/p>\n<p style=\"text-align: center;\"><span style=\"font-weight: 400;\"> Incentivamos o trabalho em equipe e a colabora\u00e7\u00e3o interna e externa para alcan\u00e7ar nossos objetivos de forma eficiente e eficaz.<br \/>\n<\/span><\/p>\n<p>[\/vc_column_text][vc_empty_space][\/vc_column_inner][vc_column_inner width=&#8221;1\/4&#8243;][vc_single_image image=&#8221;151&#8243; img_size=&#8221;full&#8221; alignment=&#8221;center&#8221; qode_css_animation=&#8221;element_from_top&#8221;][vc_empty_space height=&#8221;20px&#8221;][vc_column_text]<\/p>\n<h3 style=\"text-align: center;\"><span style=\"color: #001437;\">Paix\u00e3o pela avia\u00e7\u00e3o<\/span><\/h3>\n<p>[\/vc_column_text][vc_empty_space height=&#8221;20px&#8221;][vc_column_text]<\/p>\n<p style=\"text-align: center;\"><span style=\"font-weight: 400;\">Amamos a avia\u00e7\u00e3o e somos apaixonados por fornecer servi\u00e7os excepcionais nessa \u00e1rea emocionante.<br \/>\n<\/span><\/p>\n<p>[\/vc_column_text][vc_empty_space][\/vc_column_inner][vc_column_inner width=&#8221;1\/4&#8243;][vc_single_image image=&#8221;147&#8243; img_size=&#8221;full&#8221; alignment=&#8221;center&#8221; qode_css_animation=&#8221;element_from_top&#8221;][vc_empty_space height=&#8221;20px&#8221;][vc_column_text]<\/p>\n<h3 style=\"text-align: center;\"><span style=\"color: #001437;\">Satisfa\u00e7\u00e3o do cliente<\/span><\/h3>\n<p>[\/vc_column_text][vc_empty_space height=&#8221;20px&#8221;][vc_column_text]<\/p>\n<p style=\"text-align: center;\"><span style=\"font-weight: 400;\">Nossa maior prioridade \u00e9 a satisfa\u00e7\u00e3o de nossos clientes e nos esfor\u00e7amos para superar suas expectativas em cada intera\u00e7\u00e3o.<\/span><\/p>\n<p>[\/vc_column_text][vc_empty_space][\/vc_column_inner][\/vc_row_inner][\/vc_column][\/vc_row][vc_row css_animation=&#8221;&#8221; row_type=&#8221;row&#8221; use_row_as_full_screen_section=&#8221;no&#8221; type=&#8221;grid&#8221; angled_section=&#8221;no&#8221; text_align=&#8221;left&#8221; background_image_as_pattern=&#8221;without_pattern&#8221; z_index=&#8221;&#8221;][vc_column offset=&#8221;vc_hidden-lg vc_hidden-md vc_hidden-sm vc_hidden-xs&#8221;][vc_row_inner row_type=&#8221;row&#8221; type=&#8221;full_width&#8221; text_align=&#8221;left&#8221; css_animation=&#8221;&#8221;][vc_column_inner][vc_empty_space][\/vc_column_inner][\/vc_row_inner][vc_row_inner row_type=&#8221;row&#8221; type=&#8221;full_width&#8221; text_align=&#8221;left&#8221; css_animation=&#8221;&#8221;][vc_column_inner width=&#8221;1\/2&#8243;][vc_empty_space][vc_single_image image=&#8221;162&#8243; img_size=&#8221;full&#8221; alignment=&#8221;center&#8221; qode_css_animation=&#8221;element_from_left&#8221;][\/vc_column_inner][vc_column_inner width=&#8221;1\/2&#8243;][vc_empty_space][vc_column_text]<\/p>\n<h3 style=\"text-align: left;\"><strong><span style=\"color: #efac59;\">Hist\u00f3ria<\/span><\/strong><\/h3>\n<p>[\/vc_column_text][vc_empty_space][vc_column_text]<\/p>\n<h2><span style=\"font-weight: 400; color: #001437;\">Fam\u00edlia, tradi\u00e7\u00e3o e servi\u00e7o de primeira classe: o FBO que est\u00e1 sempre ao seu lado.<br \/>\n<\/span><\/h2>\n<p>[\/vc_column_text][vc_empty_space][vc_column_text]<span style=\"font-weight: 400;\">Servicio Universal de Aviaci\u00f3n S.A. (SUA) \u00e9 uma empresa dedicada ao atendimento de voos de avia\u00e7\u00e3o geral n\u00e3o regulares no Peru. Com 46 anos de experi\u00eancia, oferecemos uma ampla gama de servi\u00e7os que inclui o atendimento a aeronaves executivas e privadas, tripulantes e passageiros VIP, bem como sobrev\u00f4os, escalas t\u00e9cnicas e escalas com ou sem pernoite. Desde 2004, a SUA \u00e9 certificada pela DGAC &#8211; Peru como Operador de Base Fixa (FBO).<\/span><\/p>\n<p>&nbsp;<\/p>\n<p><span style=\"font-weight: 400;\">Temos o orgulho de sermos reconhecidos como uma empresa preferida de servi\u00e7os de atendimento em terra pela Universal Weather &amp; Aviation, sediada em Houston, Texas, EUA, desde a sua funda\u00e7\u00e3o em 1980. A SUA foi o primeiro FBO estabelecido no Peru e continua sendo uma empresa familiar enraizada em valores s\u00f3lidos, aprimorando continuamente nosso know-how.<\/span><\/p>\n<p>&nbsp;<\/p>\n<p><span style=\"font-weight: 400;\">Estamos entusiasmados em compartilhar nossa experi\u00eancia e atender \u00e0s suas necessidades relacionadas aeroportu\u00e1rias no Peru, especialmente com esta segunda gera\u00e7\u00e3o da empresa, acompanhando as mudan\u00e7as trazidas pela globaliza\u00e7\u00e3o e tecnologia.<\/span>[\/vc_column_text][vc_empty_space][\/vc_column_inner][\/vc_row_inner][vc_row_inner row_type=&#8221;row&#8221; type=&#8221;full_width&#8221; text_align=&#8221;left&#8221; css_animation=&#8221;&#8221;][vc_column_inner][vc_empty_space][\/vc_column_inner][\/vc_row_inner][\/vc_column][\/vc_row]<\/p>\n","protected":false},"excerpt":{"rendered":"<p>[vc_row css_animation=&#8221;&#8221; row_type=&#8221;row&#8221; use_row_as_full_screen_section=&#8221;no&#8221; type=&#8221;grid&#8221; angled_section=&#8221;no&#8221; text_align=&#8221;left&#8221; background_image_as_pattern=&#8221;without_pattern&#8221; z_index=&#8221;&#8221;][vc_column][vc_row_inner row_type=&#8221;row&#8221; type=&#8221;full_width&#8221; text_align=&#8221;left&#8221; css_animation=&#8221;&#8221;][vc_column_inner][vc_empty_space][vc_empty_space][\/vc_column_inner][\/vc_row_inner][vc_row_inner row_type=&#8221;row&#8221; type=&#8221;full_width&#8221; text_align=&#8221;left&#8221; css_animation=&#8221;&#8221;][vc_column_inner width=&#8221;1\/2&#8243;][vc_column_text] Do t\u00e1xi \u00e0 decolagem e ao pouso, seu aliado de confian\u00e7a em todo o Peru [\/vc_column_text][vc_empty_space][vc_column_text] Bem-vindos \u00e0 Servicio Universal de Aviaci\u00f3n S.A. (SUA FBO). Com quase&#8230;<\/p>\n","protected":false},"author":1,"featured_media":0,"parent":0,"menu_order":0,"comment_status":"closed","ping_status":"closed","template":"full_width.php","meta":{"footnotes":"","_joinchat":[]},"_links":{"self":[{"href":"https:\/\/suafbo.com\/po\/wp-json\/wp\/v2\/pages\/118"}],"collection":[{"href":"https:\/\/suafbo.com\/po\/wp-json\/wp\/v2\/pages"}],"about":[{"href":"https:\/\/suafbo.com\/po\/wp-json\/wp\/v2\/types\/page"}],"author":[{"embeddable":true,"href":"https:\/\/suafbo.com\/po\/wp-json\/wp\/v2\/users\/1"}],"replies":[{"embeddable":true,"href":"https:\/\/suafbo.com\/po\/wp-json\/wp\/v2\/comments?post=118"}],"version-history":[{"count":46,"href":"https:\/\/suafbo.com\/po\/wp-json\/wp\/v2\/pages\/118\/revisions"}],"predecessor-version":[{"id":329,"href":"https:\/\/suafbo.com\/po\/wp-json\/wp\/v2\/pages\/118\/revisions\/329"}],"wp:attachment":[{"href":"https:\/\/suafbo.com\/po\/wp-json\/wp\/v2\/media?parent=118"}],"curies":[{"name":"wp","href":"https:\/\/api.w.org\/{rel}","templated":true}]}}