{"id":199,"date":"2023-08-17T15:20:01","date_gmt":"2023-08-17T15:20:01","guid":{"rendered":"https:\/\/suafbo.com\/po\/?page_id=199"},"modified":"2026-01-12T14:58:40","modified_gmt":"2026-01-12T14:58:40","slug":"contato","status":"publish","type":"page","link":"https:\/\/suafbo.com\/po\/contato\/","title":{"rendered":"SUPORTE 24\/7"},"content":{"rendered":"<p>[vc_row css_animation=&#8221;&#8221; row_type=&#8221;row&#8221; use_row_as_full_screen_section=&#8221;no&#8221; type=&#8221;grid&#8221; angled_section=&#8221;no&#8221; text_align=&#8221;left&#8221; background_image_as_pattern=&#8221;without_pattern&#8221; z_index=&#8221;&#8221;][vc_column offset=&#8221;vc_hidden-sm vc_hidden-xs&#8221;][vc_row_inner row_type=&#8221;row&#8221; type=&#8221;full_width&#8221; text_align=&#8221;left&#8221; css_animation=&#8221;&#8221;][vc_column_inner][vc_empty_space][vc_empty_space][\/vc_column_inner][\/vc_row_inner][vc_row_inner row_type=&#8221;row&#8221; type=&#8221;full_width&#8221; text_align=&#8221;left&#8221; css_animation=&#8221;&#8221;][vc_column_inner width=&#8221;1\/4&#8243;][vc_column_text]<span style=\"font-weight: 400;\">Estamos dispon\u00edveis 24\/7 para atend\u00ea-los em suas d\u00favidas ou consultas. Voc\u00eas podem se comunicar conosco atrav\u00e9s do WhatsApp, e-mails e redes sociais. Nossa equipe estar\u00e1 encantada em assessor\u00e1-los em todos os momentos para que sua viagem ao Peru seja prazerosa e n\u00f3s cuidamos de cada detalhe.\u00a0<\/span><\/p>\n<p>&nbsp;<\/p>\n<p><strong>Agradecemos por entrar em contato conosco!<\/strong>[\/vc_column_text][vc_empty_space][vc_column_text]<span style=\"color: #efac59;\"><strong>CONTATO<\/strong><\/span><\/p>\n<p>&nbsp;<\/p>\n<p><i class=\"fa fa-map-marker-alt\" style=\"color: #efac59;\"><\/i> Calle Virginia Candamo de la Puente 220, Lima 32 \u2013 Per\u00fa<br \/>\n<i class=\"fa fa-envelope\" style=\"color: #efac59;\"><\/i> <a href=\"mailto:info@suafbo.com\">info@suafbo.com<\/a><\/p>\n<p>&nbsp;<\/p>\n<p><span style=\"color: #efac59;\"><strong>OPERATIONS CONTROL<\/strong><\/span><br \/>\n<span style=\"color: #efac59;\"><strong>CENTER 24\/7<\/strong><\/span><\/p>\n<p>&nbsp;<\/p>\n<p><i class=\"fa fa-mobile-alt\" style=\"color: #efac59;\"><\/i> (51) 932 728 820 \/<br \/>\n(51) 942 429 993<br \/>\n<i class=\"fa fa-envelope\" style=\"color: #efac59;\"><\/i> <a href=\"mailto:ops@suafbo.com\">ops@suafbo.com<\/a> \/ <a href=\"mailto:suaopsteam@gmail.com\">suaopsteam@gmail.com<\/a><br \/>\n<i class=\"fa fa-globe\" style=\"color: #efac59;\"><\/i> <a href=\"https:\/\/suafbo.com\/\">www.suafbo.com<\/a>[\/vc_column_text][vc_empty_space][vc_column_text]<a href=\"https:\/\/suafbo.com\/po\/\"><span style=\"color: #000080;\">&lt;- Voltar<\/span><\/a>[\/vc_column_text][vc_empty_space][\/vc_column_inner][vc_column_inner width=&#8221;3\/4&#8243; css=&#8221;.vc_custom_1692262850924{padding-right: 50px !important;padding-left: 50px !important;background-color: #001437 !important;border-radius: 10px !important;}&#8221;][vc_empty_space][vc_column_text]<\/p>\n<p style=\"text-align: center;\"><span style=\"font-weight: 400; color: #ffffff;\">Por favor, preencha o seguinte formul\u00e1rio para entrar em contato conosco e solicitar mais informa\u00e7\u00f5es sobre nossos servi\u00e7os. Agradecemos o seu interesse em nosso FBO e entraremos em contato o mais breve poss\u00edvel.<br \/>\n<\/span><\/p>\n<p>[\/vc_column_text][vc_empty_space]\n<div class=\"wpcf7 no-js\" id=\"wpcf7-f198-o1\" lang=\"es-ES\" dir=\"ltr\">\n<div class=\"screen-reader-response\"><p role=\"status\" aria-live=\"polite\" aria-atomic=\"true\"><\/p> <ul><\/ul><\/div>\n<form action=\"\/po\/wp-json\/wp\/v2\/pages\/199#wpcf7-f198-o1\" method=\"post\" class=\"wpcf7-form init default\" aria-label=\"Formulario de contacto\" novalidate=\"novalidate\" data-status=\"init\">\n<div style=\"display: none;\">\n<input type=\"hidden\" name=\"_wpcf7\" value=\"198\" \/>\n<input type=\"hidden\" name=\"_wpcf7_version\" value=\"5.8\" \/>\n<input type=\"hidden\" name=\"_wpcf7_locale\" value=\"es_ES\" \/>\n<input type=\"hidden\" name=\"_wpcf7_unit_tag\" value=\"wpcf7-f198-o1\" \/>\n<input type=\"hidden\" name=\"_wpcf7_container_post\" value=\"0\" \/>\n<input type=\"hidden\" name=\"_wpcf7_posted_data_hash\" value=\"\" \/>\n<input type=\"hidden\" name=\"_wpcf7cf_hidden_group_fields\" value=\"[]\" \/>\n<input type=\"hidden\" name=\"_wpcf7cf_hidden_groups\" value=\"[]\" \/>\n<input type=\"hidden\" name=\"_wpcf7cf_visible_groups\" value=\"[]\" \/>\n<input type=\"hidden\" name=\"_wpcf7cf_repeaters\" value=\"[]\" \/>\n<input type=\"hidden\" name=\"_wpcf7cf_steps\" value=\"{}\" \/>\n<input type=\"hidden\" name=\"_wpcf7cf_options\" value=\"{&quot;form_id&quot;:198,&quot;conditions&quot;:[],&quot;settings&quot;:{&quot;animation&quot;:&quot;yes&quot;,&quot;animation_intime&quot;:200,&quot;animation_outtime&quot;:200,&quot;conditions_ui&quot;:&quot;normal&quot;,&quot;notice_dismissed&quot;:false}}\" \/>\n<input type=\"hidden\" name=\"_wpcf7_recaptcha_response\" value=\"\" \/>\n<\/div>\n<div class=\"uacf7-form-198\"><div class=\"uacf7-row\"><div class=\"uacf7-col-6\"> <span class=\"wpcf7-form-control-wrap\" data-name=\"Nombre\"><input size=\"40\" class=\"wpcf7-form-control wpcf7-text wpcf7-validates-as-required\" id=\"nombre\" aria-required=\"true\" aria-invalid=\"false\" placeholder=\"Nome\" value=\"\" type=\"text\" name=\"Nombre\" \/><\/span><\/div><div class=\"uacf7-col-6\"> <span class=\"wpcf7-form-control-wrap\" data-name=\"Apellido\"><input size=\"40\" class=\"wpcf7-form-control wpcf7-text wpcf7-validates-as-required\" id=\"apellido\" aria-required=\"true\" aria-invalid=\"false\" placeholder=\"Sobrenome\" value=\"\" type=\"text\" name=\"Apellido\" \/><\/span><\/div><\/div>\n<div class=\"uacf7-row\"><div class=\"uacf7-col-6\"><span class=\"wpcf7-form-control-wrap\" data-name=\"Telfonodecontacto\"><input size=\"40\" class=\"wpcf7-form-control wpcf7-tel wpcf7-text wpcf7-validates-as-tel\" id=\"telefono\" aria-invalid=\"false\" placeholder=\"Telefone\" value=\"\" type=\"tel\" name=\"Telfonodecontacto\" \/><\/span><\/div><div class=\"uacf7-col-6\"><span class=\"wpcf7-form-control-wrap\" data-name=\"Empresa\"><input size=\"40\" class=\"wpcf7-form-control wpcf7-text\" id=\"compania\" aria-invalid=\"false\" placeholder=\"Empresa\" value=\"\" type=\"text\" name=\"Empresa\" \/><\/span><\/div><\/div>\n<div class=\"uacf7-row\"><div class=\"uacf7-col-6\"> <span class=\"wpcf7-form-control-wrap\" data-name=\"Correoelectronico\"><input size=\"40\" class=\"wpcf7-form-control wpcf7-email wpcf7-text wpcf7-validates-as-email\" id=\"correo\" aria-invalid=\"false\" placeholder=\"Correio eletr\u00f4nico\" value=\"\" type=\"email\" name=\"Correoelectronico\" \/><\/span><\/div><div class=\"uacf7-col-6\"> <span class=\"wpcf7-form-control-wrap\" data-name=\"Pais\"><input size=\"40\" class=\"wpcf7-form-control wpcf7-text\" id=\"pais\" aria-invalid=\"false\" placeholder=\"Pa\u00eds\" value=\"\" type=\"text\" name=\"Pais\" \/><\/span><\/div><\/div>\n<\/br>\n<span style=\"color: #ffffff; font-size; 28px;\"><strong>SERVI\u00c7OS NECESS\u00c1RIOS<\/strong><\/span>\n<\/br>\n<span style=\"color: #ffffff; font-size; 28px;\">Selecione um ou mais servi\u00e7os<\/span>\n&nbsp\n<\/br>\n<\/br>\n<span class=\"wpcf7-form-control-wrap serviciosrequeridos\"><select class=\"wpcf7-form-control wpcf7-selct_multiselct wpcf7-selct-multiselct\" aria-invalid=\"false\" data-placeholder=\"selecione\" data-allow-clear=\"true\" data-width=\"400px\" multiple=\"multiple\" name=\"serviciosrequeridos[]\"><option value=\"Servi\u00e7o de expedi\u00e7\u00e3o\">Servi\u00e7o de expedi\u00e7\u00e3o<\/option><option value=\"Servi\u00e7o de viagem\">Servi\u00e7o de viagem<\/option><option value=\"Servi\u00e7o de combust\u00edvel\">Servi\u00e7o de combust\u00edvel<\/option><option value=\"Servi\u00e7o de assist\u00eancia em escala\">Servi\u00e7o de assist\u00eancia em escala<\/option><option value=\"Servi\u00e7os de evacua\u00e7\u00e3o m\u00e9dica\">Servi\u00e7os de evacua\u00e7\u00e3o m\u00e9dica<\/option><option value=\"Outros\">Outros<\/option><\/select><\/span>\n<span class=\"wpcf7-form-control-wrap\" data-name=\"otro\"><input size=\"40\" class=\"wpcf7-form-control wpcf7-text\" id=\"otroservicio\" aria-invalid=\"false\" placeholder=\"Outro (opcional)\" value=\"\" type=\"text\" name=\"otro\" \/><\/span>\n<\/br>\n<span class=\"wpcf7-form-control-wrap\" data-name=\"Fecha\"><input class=\"wpcf7-form-control wpcf7-date wpcf7-validates-as-date\" id=\"fecha\" aria-invalid=\"false\" placeholder=\"Data\" value=\"\" type=\"date\" name=\"Fecha\" \/><\/span>\n<span class=\"wpcf7-form-control-wrap\" data-name=\"Comentariosadicionales\"><textarea cols=\"40\" rows=\"10\" class=\"wpcf7-form-control wpcf7-textarea\" id=\"comentarios\" aria-invalid=\"false\" placeholder=\"Coment\u00e1rios\" name=\"Comentariosadicionales\"><\/textarea><\/span>\n<\/br>\n<span class=\"wpcf7-form-control-wrap\" data-name=\"Aceptolostrminosycondiciones\"><span class=\"wpcf7-form-control wpcf7-acceptance optional\"><span class=\"wpcf7-list-item\"><label><input type=\"checkbox\" name=\"Aceptolostrminosycondiciones\" value=\"1\" id=\"terminos\" aria-invalid=\"false\" \/><span class=\"wpcf7-list-item-label\"><a style=\"color: #ffffff;\" href=\"<span style=\"color: #ffffff;\">Eu li e aceitei o <span style=\"color: #33cccc;\"><a style=\"color: #33cccc;\" href=\"https:\/\/suafbo.com\/po\/terminos-y-condiciones\" target=\"_blank\" rel=\"noopener\">termos e Condi\u00e7\u00f5es<\/a><\/span><\/span><\/a><\/span><\/span><\/label><\/span><\/span><\/span>\n\n<span class=\"wpcf7-form-control-wrap\" data-name=\"Aceptolostrminosycondiciones\"><span class=\"wpcf7-form-control wpcf7-acceptance optional\"><span class=\"wpcf7-list-item\"><label><input type=\"checkbox\" name=\"Aceptolostrminosycondiciones\" value=\"1\" aria-invalid=\"false\" \/><span class=\"wpcf7-list-item-label\"><a style=\"color: #ffffff;\" href=\"<span style=\"color: #ffffff;\">Eu li e aceitei o <span style=\"color: #33cccc;\"><a style=\"color: #33cccc;\" href=\"https:\/\/suafbo.com\/po\/politica-de-privacidad\" target=\"_blank\" rel=\"noopener\">Pol\u00edtica de privacidade<\/a><\/span><\/span><\/a><\/span><\/span><\/label><\/span><\/span><\/span>\n<\/br>\n<input class=\"wpcf7-form-control wpcf7-submit has-spinner\" type=\"submit\" value=\"Enviar\" \/>\n\n<\/br><\/div><div class=\"wpcf7-response-output\" aria-hidden=\"true\"><\/div>\n<\/form>\n<\/div>\n[vc_empty_space][\/vc_column_inner][\/vc_row_inner][vc_row_inner row_type=&#8221;row&#8221; type=&#8221;full_width&#8221; text_align=&#8221;left&#8221; css_animation=&#8221;&#8221;][vc_column_inner][vc_empty_space][\/vc_column_inner][\/vc_row_inner][\/vc_column][\/vc_row][vc_row css_animation=&#8221;&#8221; row_type=&#8221;row&#8221; use_row_as_full_screen_section=&#8221;no&#8221; type=&#8221;grid&#8221; angled_section=&#8221;no&#8221; text_align=&#8221;left&#8221; background_image_as_pattern=&#8221;without_pattern&#8221; z_index=&#8221;&#8221;][vc_column offset=&#8221;vc_hidden-lg vc_hidden-md&#8221;][vc_row_inner row_type=&#8221;row&#8221; type=&#8221;full_width&#8221; text_align=&#8221;left&#8221; css_animation=&#8221;&#8221;][vc_column_inner][vc_empty_space][vc_empty_space][\/vc_column_inner][\/vc_row_inner][vc_row_inner row_type=&#8221;row&#8221; type=&#8221;full_width&#8221; text_align=&#8221;left&#8221; css_animation=&#8221;&#8221;][vc_column_inner width=&#8221;1\/4&#8243;][vc_column_text]<span style=\"font-weight: 400;\">Estamos dispon\u00edveis 24\/7 para atend\u00ea-los em suas d\u00favidas ou consultas. Voc\u00eas podem se comunicar conosco atrav\u00e9s do WhatsApp, e-mails e redes sociais. Nossa equipe estar\u00e1 encantada em assessor\u00e1-los em todos os momentos para que sua viagem ao Peru seja prazerosa e n\u00f3s cuidamos de cada detalhe.\u00a0<\/span><\/p>\n<p>&nbsp;<\/p>\n<p><strong>Agradecemos por entrar em contato conosco!<\/strong>[\/vc_column_text][vc_empty_space][vc_column_text]<span style=\"color: #efac59;\"><strong>CONTATO<\/strong><\/span><\/p>\n<p>&nbsp;<\/p>\n<p><i class=\"fa fa-map-marker-alt\" style=\"color: #efac59;\"><\/i> Calle Virginia Candamo de la Puente 220, Lima 32 \u2013 Per\u00fa<br \/>\n<i class=\"fa fa-phone\" style=\"color: #efac59;\"><\/i> (511) 566 5482<br \/>\n<i class=\"fa fa-mobile-alt\" style=\"color: #efac59;\"><\/i> (51) 998 441 361<br \/>\n<i class=\"fa fa-envelope\" style=\"color: #efac59;\"><\/i> <a href=\"mailto:info@suafbo.com\">info@suafbo.com<\/a><\/p>\n<p>&nbsp;<\/p>\n<p><span style=\"color: #efac59;\"><strong>OPERATIONS CONTROL<\/strong><\/span><br \/>\n<span style=\"color: #efac59;\"><strong>CENTER 24\/7<\/strong><\/span><\/p>\n<p>&nbsp;<\/p>\n<p><i class=\"fa fa-mobile-alt\" style=\"color: #efac59;\"><\/i> (51) 932 728 820 \/<br \/>\n(51) 942 429 993<br \/>\n<i class=\"fa fa-envelope\" style=\"color: #efac59;\"><\/i> <a href=\"mailto:ops@suafbo.com\">ops@suafbo.com<\/a> \/ <a href=\"mailto:suaopsteam@gmail.com\">suaopsteam@gmail.com<\/a><br \/>\n<i class=\"fa fa-globe\" style=\"color: #efac59;\"><\/i> <a href=\"https:\/\/suafbo.com\/\">www.suafbo.com<\/a>[\/vc_column_text][vc_empty_space][\/vc_column_inner][vc_column_inner width=&#8221;3\/4&#8243; css=&#8221;.vc_custom_1695741078867{padding-right: 20px !important;padding-left: 20px !important;background-color: #001437 !important;border-radius: 10px !important;}&#8221;][vc_empty_space][vc_column_text]<\/p>\n<p style=\"text-align: center;\"><span style=\"font-weight: 400; color: #ffffff;\">Por favor, preencha o seguinte formul\u00e1rio para entrar em contato conosco e solicitar mais informa\u00e7\u00f5es sobre nossos servi\u00e7os. Agradecemos o seu interesse em nosso FBO e entraremos em contato o mais breve poss\u00edvel.<br \/>\n<\/span><\/p>\n<p>[\/vc_column_text][vc_empty_space]\n<div class=\"wpcf7 no-js\" id=\"wpcf7-f303-o2\" lang=\"es-ES\" dir=\"ltr\">\n<div class=\"screen-reader-response\"><p role=\"status\" aria-live=\"polite\" aria-atomic=\"true\"><\/p> <ul><\/ul><\/div>\n<form action=\"\/po\/wp-json\/wp\/v2\/pages\/199#wpcf7-f303-o2\" method=\"post\" class=\"wpcf7-form init default\" aria-label=\"Formulario de contacto\" novalidate=\"novalidate\" data-status=\"init\">\n<div style=\"display: none;\">\n<input type=\"hidden\" name=\"_wpcf7\" value=\"303\" \/>\n<input type=\"hidden\" name=\"_wpcf7_version\" value=\"5.8\" \/>\n<input type=\"hidden\" name=\"_wpcf7_locale\" value=\"es_ES\" \/>\n<input type=\"hidden\" name=\"_wpcf7_unit_tag\" value=\"wpcf7-f303-o2\" \/>\n<input type=\"hidden\" name=\"_wpcf7_container_post\" value=\"0\" \/>\n<input type=\"hidden\" name=\"_wpcf7_posted_data_hash\" value=\"\" \/>\n<input type=\"hidden\" name=\"_wpcf7cf_hidden_group_fields\" value=\"[]\" \/>\n<input type=\"hidden\" name=\"_wpcf7cf_hidden_groups\" value=\"[]\" \/>\n<input type=\"hidden\" name=\"_wpcf7cf_visible_groups\" value=\"[]\" \/>\n<input type=\"hidden\" name=\"_wpcf7cf_repeaters\" value=\"[]\" \/>\n<input type=\"hidden\" name=\"_wpcf7cf_steps\" value=\"{}\" \/>\n<input type=\"hidden\" name=\"_wpcf7cf_options\" value=\"{&quot;form_id&quot;:303,&quot;conditions&quot;:[],&quot;settings&quot;:{&quot;animation&quot;:&quot;yes&quot;,&quot;animation_intime&quot;:200,&quot;animation_outtime&quot;:200,&quot;conditions_ui&quot;:&quot;normal&quot;,&quot;notice_dismissed&quot;:false}}\" \/>\n<input type=\"hidden\" name=\"_wpcf7_recaptcha_response\" value=\"\" \/>\n<\/div>\n<div class=\"uacf7-form-303\"><span class=\"wpcf7-form-control-wrap\" data-name=\"Nombre\"><input size=\"40\" class=\"wpcf7-form-control wpcf7-text wpcf7-validates-as-required\" aria-required=\"true\" aria-invalid=\"false\" placeholder=\"Nome\" value=\"\" type=\"text\" name=\"Nombre\" \/><\/span>\n<span class=\"wpcf7-form-control-wrap\" data-name=\"Apellido\"><input size=\"40\" class=\"wpcf7-form-control wpcf7-text wpcf7-validates-as-required\" aria-required=\"true\" aria-invalid=\"false\" placeholder=\"Sobrenome\" value=\"\" type=\"text\" name=\"Apellido\" \/><\/span>\n<span class=\"wpcf7-form-control-wrap\" data-name=\"Telfonodecontacto\"><input size=\"40\" class=\"wpcf7-form-control wpcf7-tel wpcf7-text wpcf7-validates-as-tel\" aria-invalid=\"false\" placeholder=\"Telefone\" value=\"\" type=\"tel\" name=\"Telfonodecontacto\" \/><\/span>\n<span class=\"wpcf7-form-control-wrap\" data-name=\"Empresa\"><input size=\"40\" class=\"wpcf7-form-control wpcf7-text\" aria-invalid=\"false\" placeholder=\"Empresa\" value=\"\" type=\"text\" name=\"Empresa\" \/><\/span>\n<span class=\"wpcf7-form-control-wrap\" data-name=\"Correoelectronico\"><input size=\"40\" class=\"wpcf7-form-control wpcf7-email wpcf7-text wpcf7-validates-as-email\" aria-invalid=\"false\" placeholder=\"Correio eletr\u00f4nico\" value=\"\" type=\"email\" name=\"Correoelectronico\" \/><\/span>\n<span class=\"wpcf7-form-control-wrap\" data-name=\"Pais\"><input size=\"40\" class=\"wpcf7-form-control wpcf7-text\" aria-invalid=\"false\" placeholder=\"Pa\u00eds\" value=\"\" type=\"text\" name=\"Pais\" \/><\/span>\n<\/br>\n<span style=\"color: #ffffff; font-size; 28px;\"><strong>SERVI\u00c7OS NECESS\u00c1RIOS<\/strong><\/span>\n<\/br>\n<span style=\"color: #ffffff; font-size; 28px;\">Selecione um ou mais servi\u00e7os<\/span>\n&nbsp\n<\/br>\n<span class=\"wpcf7-form-control-wrap serviciosrequeridos\"><select class=\"wpcf7-form-control wpcf7-selct_multiselct wpcf7-selct-multiselct\" aria-invalid=\"false\" data-placeholder=\"selecione\" data-allow-clear=\"true\" data-width=\"400px\" multiple=\"multiple\" name=\"serviciosrequeridos[]\"><option value=\"Servi\u00e7o de expedi\u00e7\u00e3o\">Servi\u00e7o de expedi\u00e7\u00e3o<\/option><option value=\"Servi\u00e7o de viagem\">Servi\u00e7o de viagem<\/option><option value=\"Servi\u00e7o de combust\u00edvel\">Servi\u00e7o de combust\u00edvel<\/option><option value=\"Servi\u00e7o de assist\u00eancia em escala\">Servi\u00e7o de assist\u00eancia em escala<\/option><option value=\"Servi\u00e7os de evacua\u00e7\u00e3o m\u00e9dica\">Servi\u00e7os de evacua\u00e7\u00e3o m\u00e9dica<\/option><option value=\"Outros\">Outros<\/option><\/select><\/span>\n<span class=\"wpcf7-form-control-wrap\" data-name=\"otro\"><input size=\"40\" class=\"wpcf7-form-control wpcf7-text\" aria-invalid=\"false\" placeholder=\"Outro (opcional)\" value=\"\" type=\"text\" name=\"otro\" \/><\/span>\n<\/br>\n<span style=\"color: #ffffff; font-size; 28px;\">Selecione a data \u2193<\/span>\n<span class=\"wpcf7-form-control-wrap\" data-name=\"Fecha\"><input class=\"wpcf7-form-control wpcf7-date wpcf7-validates-as-date\" aria-invalid=\"false\" placeholder=\"Data\" value=\"\" type=\"date\" name=\"Fecha\" \/><\/span>\n<span class=\"wpcf7-form-control-wrap\" data-name=\"Comentariosadicionales\"><textarea cols=\"40\" rows=\"10\" class=\"wpcf7-form-control wpcf7-textarea\" aria-invalid=\"false\" placeholder=\"Coment\u00e1rios\" name=\"Comentariosadicionales\"><\/textarea><\/span>\n<\/br>\n<span class=\"wpcf7-form-control-wrap\" data-name=\"Aceptolostrminosycondiciones\"><span class=\"wpcf7-form-control wpcf7-acceptance optional\"><span class=\"wpcf7-list-item\"><label><input type=\"checkbox\" name=\"Aceptolostrminosycondiciones\" value=\"1\" aria-invalid=\"false\" \/><span class=\"wpcf7-list-item-label\"><a style=\"color: #ffffff;\" href=\"<span style=\"color: #ffffff;\">Eu li e aceitei o <span style=\"color: #33cccc;\"><a style=\"color: #33cccc;\" href=\"https:\/\/suafbo.com\/po\/terminos-y-condiciones\" target=\"_blank\" rel=\"noopener\">termos e Condi\u00e7\u00f5es<\/a><\/span><\/span><\/a><\/span><\/span><\/label><\/span><\/span><\/span>\n\n<span class=\"wpcf7-form-control-wrap\" data-name=\"Aceptolostrminosycondiciones\"><span class=\"wpcf7-form-control wpcf7-acceptance optional\"><span class=\"wpcf7-list-item\"><label><input type=\"checkbox\" name=\"Aceptolostrminosycondiciones\" value=\"1\" aria-invalid=\"false\" \/><span class=\"wpcf7-list-item-label\"><a style=\"color: #ffffff;\" href=\"<span style=\"color: #ffffff;\">Eu li e aceitei o <span style=\"color: #33cccc;\"><a style=\"color: #33cccc;\" href=\"https:\/\/suafbo.com\/po\/politica-de-privacidad\" target=\"_blank\" rel=\"noopener\">Pol\u00edtica de privacidade<\/a><\/span><\/span><\/a><\/span><\/span><\/label><\/span><\/span><\/span>\n<\/br>\n<input class=\"wpcf7-form-control wpcf7-submit has-spinner\" type=\"submit\" value=\"Enviar\" \/>\n\n<\/br><\/div><div class=\"wpcf7-response-output\" aria-hidden=\"true\"><\/div>\n<\/form>\n<\/div>\n[vc_empty_space][\/vc_column_inner][\/vc_row_inner][vc_row_inner row_type=&#8221;row&#8221; type=&#8221;full_width&#8221; text_align=&#8221;left&#8221; css_animation=&#8221;&#8221;][vc_column_inner][vc_empty_space][vc_column_text]<a href=\"https:\/\/suafbo.com\/po\/\"><span style=\"color: #000080;\">&lt;- Voltar<\/span><\/a>[\/vc_column_text][vc_empty_space][\/vc_column_inner][\/vc_row_inner][\/vc_column][\/vc_row]<\/p>\n","protected":false},"excerpt":{"rendered":"<p>[vc_row css_animation=&#8221;&#8221; row_type=&#8221;row&#8221; use_row_as_full_screen_section=&#8221;no&#8221; type=&#8221;grid&#8221; angled_section=&#8221;no&#8221; text_align=&#8221;left&#8221; background_image_as_pattern=&#8221;without_pattern&#8221; z_index=&#8221;&#8221;][vc_column offset=&#8221;vc_hidden-sm vc_hidden-xs&#8221;][vc_row_inner row_type=&#8221;row&#8221; type=&#8221;full_width&#8221; text_align=&#8221;left&#8221; css_animation=&#8221;&#8221;][vc_column_inner][vc_empty_space][vc_empty_space][\/vc_column_inner][\/vc_row_inner][vc_row_inner row_type=&#8221;row&#8221; type=&#8221;full_width&#8221; text_align=&#8221;left&#8221; css_animation=&#8221;&#8221;][vc_column_inner width=&#8221;1\/4&#8243;][vc_column_text]Estamos dispon\u00edveis 24\/7 para atend\u00ea-los em suas d\u00favidas ou consultas. Voc\u00eas podem se comunicar conosco atrav\u00e9s do WhatsApp, e-mails e redes sociais. Nossa equipe estar\u00e1 encantada&#8230;<\/p>\n","protected":false},"author":1,"featured_media":0,"parent":0,"menu_order":0,"comment_status":"closed","ping_status":"closed","template":"full_width.php","meta":{"footnotes":"","_joinchat":[]},"_links":{"self":[{"href":"https:\/\/suafbo.com\/po\/wp-json\/wp\/v2\/pages\/199"}],"collection":[{"href":"https:\/\/suafbo.com\/po\/wp-json\/wp\/v2\/pages"}],"about":[{"href":"https:\/\/suafbo.com\/po\/wp-json\/wp\/v2\/types\/page"}],"author":[{"embeddable":true,"href":"https:\/\/suafbo.com\/po\/wp-json\/wp\/v2\/users\/1"}],"replies":[{"embeddable":true,"href":"https:\/\/suafbo.com\/po\/wp-json\/wp\/v2\/comments?post=199"}],"version-history":[{"count":14,"href":"https:\/\/suafbo.com\/po\/wp-json\/wp\/v2\/pages\/199\/revisions"}],"predecessor-version":[{"id":334,"href":"https:\/\/suafbo.com\/po\/wp-json\/wp\/v2\/pages\/199\/revisions\/334"}],"wp:attachment":[{"href":"https:\/\/suafbo.com\/po\/wp-json\/wp\/v2\/media?parent=199"}],"curies":[{"name":"wp","href":"https:\/\/api.w.org\/{rel}","templated":true}]}}