{"id":204,"date":"2023-08-17T16:01:36","date_gmt":"2023-08-17T16:01:36","guid":{"rendered":"https:\/\/suafbo.com\/po\/?page_id=204"},"modified":"2023-09-18T05:38:04","modified_gmt":"2023-09-18T05:38:04","slug":"politica-de-privacidade","status":"publish","type":"page","link":"https:\/\/suafbo.com\/po\/politica-de-privacidade\/","title":{"rendered":"Pol\u00edtica de Privacidade"},"content":{"rendered":"<p>[vc_row css_animation=&#8221;&#8221; row_type=&#8221;row&#8221; use_row_as_full_screen_section=&#8221;no&#8221; type=&#8221;grid&#8221; angled_section=&#8221;no&#8221; text_align=&#8221;left&#8221; background_image_as_pattern=&#8221;without_pattern&#8221; z_index=&#8221;&#8221;][vc_column][vc_row_inner row_type=&#8221;row&#8221; type=&#8221;full_width&#8221; text_align=&#8221;left&#8221; css_animation=&#8221;&#8221;][vc_column_inner][vc_empty_space][vc_empty_space][\/vc_column_inner][\/vc_row_inner][vc_row_inner row_type=&#8221;row&#8221; type=&#8221;full_width&#8221; text_align=&#8221;left&#8221; css_animation=&#8221;&#8221; el_class=&#8221;lista&#8221;][vc_column_inner][vc_column_text]<span style=\"font-weight: 400;\">Na Servicio Universal de Aviaci\u00f3n S.A., RUC 20137722586, localizada na Calle Virginia Candamo de la Puente 220, Lima 32 &#8211; Per\u00fa, estamos comprometidos em proteger a privacidade e seguran\u00e7a dos dados pessoais fornecidos por nossos clientes. Reconhecemos a import\u00e2ncia de manter a confidencialidade das informa\u00e7\u00f5es, incluindo contatos, assuntos financeiros, comerciais e legais.<\/span><\/p>\n<p>&nbsp;<\/p>\n<p><span style=\"font-weight: 400;\">Os dados pessoais que coletamos de nossos clientes s\u00e3o utilizados exclusivamente com o prop\u00f3sito de realizar os processos necess\u00e1rios para solicita\u00e7\u00f5es de permiss\u00f5es de voo para o Peru, imigra\u00e7\u00e3o, alf\u00e2ndega e coordena\u00e7\u00f5es de seguran\u00e7a. N\u00e3o compartilharemos, venderemos ou transferiremos de qualquer forma essas informa\u00e7\u00f5es para terceiros, a menos que seja exigido por lei ou com o consentimento expl\u00edcito do cliente.<\/span><\/p>\n<p>&nbsp;<\/p>\n<p><span style=\"font-weight: 400;\">Comprometemo-nos a manter a integridade e confidencialidade dos dados pessoais, adotando medidas de seguran\u00e7a adequadas para proteg\u00ea-los contra acesso n\u00e3o autorizado, uso indevido ou divulga\u00e7\u00e3o n\u00e3o autorizada. Al\u00e9m disso, garantimos que nossos funcion\u00e1rios e colaboradores s\u00e3o treinados e conscientizados sobre a import\u00e2ncia de proteger a privacidade dos dados pessoais de nossos clientes.<\/span><\/p>\n<p>&nbsp;<\/p>\n<p><span style=\"font-weight: 400;\">Ao fornecerem seus dados pessoais, nossos clientes aceitam e concedem seu consentimento para que a Servicio Universal de Aviaci\u00f3n S.A. possa utilizar as informa\u00e7\u00f5es para o prop\u00f3sito mencionado acima.<\/span><\/p>\n<p>&nbsp;<\/p>\n<p><span style=\"font-weight: 400;\">Se nossos clientes desejarem exercer seus direitos de acesso, retifica\u00e7\u00e3o, cancelamento ou oposi\u00e7\u00e3o em rela\u00e7\u00e3o aos seus dados pessoais, podem entrar em contato com nossa equipe de prote\u00e7\u00e3o de dados pelo seguinte endere\u00e7o de e-mail: info@suafbo.com<\/span>[\/vc_column_text][vc_empty_space][vc_column_text]<b>SEGURAN\u00c7A E PRIVACIDADE<\/b><\/p>\n<p>&nbsp;<\/p>\n<p><span style=\"font-weight: 400;\">Em nosso FBO, destacamos os protocolos que seguimos para garantir a seguran\u00e7a de nossos clientes e seus ativos, bem como a import\u00e2ncia que damos \u00e0 privacidade e confidencialidade das informa\u00e7\u00f5es. Enfatizaremos os seguintes pontos-chave:<\/span><\/p>\n<ul>\n<li>Prote\u00e7\u00e3o de ativos e seguran\u00e7a: Nosso FBO compromete-se a proteger os ativos de nossos clientes e garantir sua seguran\u00e7a durante sua estadia em nossas instala\u00e7\u00f5es. Implementamos protocolos rigorosos de seguran\u00e7a para proteger as aeronaves, a bagagem e quaisquer outros ativos sob nossa responsabilidade.<\/li>\n<li>Confidencialidade das informa\u00e7\u00f5es: Reconhecemos a import\u00e2ncia da privacidade e confidencialidade das informa\u00e7\u00f5es de nossos clientes. Comprometemo-nos a manter todas as informa\u00e7\u00f5es fornecidas de forma segura e confidencial, cumprindo as regulamenta\u00e7\u00f5es e padr\u00f5es de prote\u00e7\u00e3o de dados aplic\u00e1veis.<\/li>\n<li>Consentimento e publicidade: N\u00e3o publicamos nenhuma informa\u00e7\u00e3o sem o consentimento expresso de nossos clientes. Respeitamos a privacidade de nossos clientes e n\u00e3o utilizamos imagens de suas aeronaves ou detalhes pessoais para publicidade sem sua aprova\u00e7\u00e3o pr\u00e9via.<\/li>\n<li>Conformidade regulat\u00f3ria: Cumprimos todas as leis e regulamentos relacionados \u00e0 prote\u00e7\u00e3o de dados e privacidade de nossos clientes. Garantimos que nossos processos e procedimentos estejam em conformidade com as regulamenta\u00e7\u00f5es vigentes para garantir a seguran\u00e7a e confidencialidade das informa\u00e7\u00f5es.<\/li>\n<li>Equipe treinada: Nossa equipe recebe treinamento regular em seguran\u00e7a e privacidade para garantir que compreendam a import\u00e2ncia de proteger as informa\u00e7\u00f5es e os ativos de nossos clientes. Isso inclui o manuseio adequado de informa\u00e7\u00f5es sens\u00edveis e a ado\u00e7\u00e3o de medidas de seguran\u00e7a apropriadas em todos os momentos.<\/li>\n<li>Pol\u00edtica de privacidade: Em nosso site, forneceremos uma pol\u00edtica de privacidade clara e acess\u00edvel que detalha como coletamos, armazenamos e usamos as informa\u00e7\u00f5es de nossos clientes, bem como os direitos que t\u00eam em rela\u00e7\u00e3o a seus dados pessoais.<\/li>\n<\/ul>\n<p><span style=\"font-weight: 400;\">Em resumo, a seguran\u00e7a e a privacidade s\u00e3o aspectos fundamentais em nosso FBO. Comprometemo-nos a implementar protocolos rigorosos de seguran\u00e7a, respeitar a confidencialidade das informa\u00e7\u00f5es e garantir a privacidade de nossos clientes em todas as intera\u00e7\u00f5es. Nossa pol\u00edtica \u00e9 trabalhar em estreita colabora\u00e7\u00e3o com nossos clientes, obtendo seu consentimento para qualquer publicidade e garantindo que suas informa\u00e7\u00f5es sejam tratadas com seguran\u00e7a e confidencialidade em todos os momentos.<\/span>[\/vc_column_text][vc_empty_space][vc_column_text]<a href=\"https:\/\/suafbo.com\/po\/\"><span style=\"color: #000080;\">&lt;- Voltar<\/span><\/a>[\/vc_column_text][vc_empty_space][\/vc_column_inner][\/vc_row_inner][vc_row_inner row_type=&#8221;row&#8221; type=&#8221;full_width&#8221; text_align=&#8221;left&#8221; css_animation=&#8221;&#8221;][vc_column_inner][vc_empty_space][\/vc_column_inner][\/vc_row_inner][\/vc_column][\/vc_row]<\/p>\n","protected":false},"excerpt":{"rendered":"<p>[vc_row css_animation=&#8221;&#8221; row_type=&#8221;row&#8221; use_row_as_full_screen_section=&#8221;no&#8221; type=&#8221;grid&#8221; angled_section=&#8221;no&#8221; text_align=&#8221;left&#8221; background_image_as_pattern=&#8221;without_pattern&#8221; z_index=&#8221;&#8221;][vc_column][vc_row_inner row_type=&#8221;row&#8221; type=&#8221;full_width&#8221; text_align=&#8221;left&#8221; css_animation=&#8221;&#8221;][vc_column_inner][vc_empty_space][vc_empty_space][\/vc_column_inner][\/vc_row_inner][vc_row_inner row_type=&#8221;row&#8221; type=&#8221;full_width&#8221; text_align=&#8221;left&#8221; css_animation=&#8221;&#8221; el_class=&#8221;lista&#8221;][vc_column_inner][vc_column_text]Na Servicio Universal de Aviaci\u00f3n S.A., RUC 20137722586, localizada na Calle Virginia Candamo de la Puente 220, Lima 32 &#8211; Per\u00fa, estamos comprometidos em proteger a privacidade e&#8230;<\/p>\n","protected":false},"author":1,"featured_media":0,"parent":0,"menu_order":0,"comment_status":"closed","ping_status":"closed","template":"full_width.php","meta":{"footnotes":"","_joinchat":[]},"_links":{"self":[{"href":"https:\/\/suafbo.com\/po\/wp-json\/wp\/v2\/pages\/204"}],"collection":[{"href":"https:\/\/suafbo.com\/po\/wp-json\/wp\/v2\/pages"}],"about":[{"href":"https:\/\/suafbo.com\/po\/wp-json\/wp\/v2\/types\/page"}],"author":[{"embeddable":true,"href":"https:\/\/suafbo.com\/po\/wp-json\/wp\/v2\/users\/1"}],"replies":[{"embeddable":true,"href":"https:\/\/suafbo.com\/po\/wp-json\/wp\/v2\/comments?post=204"}],"version-history":[{"count":8,"href":"https:\/\/suafbo.com\/po\/wp-json\/wp\/v2\/pages\/204\/revisions"}],"predecessor-version":[{"id":297,"href":"https:\/\/suafbo.com\/po\/wp-json\/wp\/v2\/pages\/204\/revisions\/297"}],"wp:attachment":[{"href":"https:\/\/suafbo.com\/po\/wp-json\/wp\/v2\/media?parent=204"}],"curies":[{"name":"wp","href":"https:\/\/api.w.org\/{rel}","templated":true}]}}