{"id":298,"date":"2023-09-18T05:40:17","date_gmt":"2023-09-18T05:40:17","guid":{"rendered":"https:\/\/suafbo.com\/po\/?page_id=298"},"modified":"2023-09-18T05:40:17","modified_gmt":"2023-09-18T05:40:17","slug":"termos-e-condicoes","status":"publish","type":"page","link":"https:\/\/suafbo.com\/po\/termos-e-condicoes\/","title":{"rendered":"Termos e Condi\u00e7\u00f5es da Universal Aviation Services S.A."},"content":{"rendered":"<p>[vc_row css_animation=&#8221;&#8221; row_type=&#8221;row&#8221; use_row_as_full_screen_section=&#8221;no&#8221; type=&#8221;grid&#8221; angled_section=&#8221;no&#8221; text_align=&#8221;left&#8221; background_image_as_pattern=&#8221;without_pattern&#8221; z_index=&#8221;&#8221;][vc_column][vc_row_inner row_type=&#8221;row&#8221; type=&#8221;full_width&#8221; text_align=&#8221;left&#8221; css_animation=&#8221;&#8221;][vc_column_inner][vc_empty_space][vc_empty_space][\/vc_column_inner][\/vc_row_inner][vc_row_inner row_type=&#8221;row&#8221; type=&#8221;full_width&#8221; text_align=&#8221;left&#8221; css_animation=&#8221;&#8221; el_class=&#8221;lista&#8221;][vc_column_inner][vc_column_text]<\/p>\n<ul>\n<li>Aceita\u00e7\u00e3o dos Termos e Condi\u00e7\u00f5es Ao acessar e utilizar o site da Universal Aviation Services S.A., o usu\u00e1rio concorda em cumprir estes Termos e Condi\u00e7\u00f5es e quaisquer outras pol\u00edticas que possam estar em vigor. Se voc\u00ea n\u00e3o concorda com estes termos, recomendamos que n\u00e3o utilize nosso site.<\/li>\n<li>Uso do Site<br \/>\na. O usu\u00e1rio concorda em utilizar o site de maneira \u00e9tica e legal.<br \/>\nb. O usu\u00e1rio concorda em n\u00e3o acessar \u00e1reas restritas do site sem autoriza\u00e7\u00e3o.<br \/>\nc. O uso do site para fins ilegais ou n\u00e3o autorizados n\u00e3o \u00e9 permitido.<\/li>\n<li>Propriedade Intelectual<br \/>\na. Todo o conte\u00fado do site, incluindo texto, imagens, gr\u00e1ficos e logotipos, \u00e9 protegido por direitos autorais.<br \/>\nb. N\u00e3o \u00e9 permitida a reprodu\u00e7\u00e3o, distribui\u00e7\u00e3o ou modifica\u00e7\u00e3o do conte\u00fado sem a permiss\u00e3o pr\u00e9via por escrito da Universal Aviation Services S.A.<\/li>\n<li>Privacidade e Seguran\u00e7a<br \/>\na. Protegemos a privacidade de nossos clientes. Consulte nossa Pol\u00edtica de Privacidade para obter mais detalhes.<br \/>\nb. Mantemos medidas de seguran\u00e7a para proteger informa\u00e7\u00f5es confidenciais do cliente.<\/li>\n<li>Reservas e Compras<br \/>\na. Reservas e compras em nosso site est\u00e3o sujeitas \u00e0 disponibilidade e aos termos da tarifa selecionada.<br \/>\nb. Os pre\u00e7os podem mudar sem aviso pr\u00e9vio.<\/li>\n<li>Cancelamentos e Reembolsos<br \/>\na. Consulte nossa Pol\u00edtica de Cancelamento e Reembolso para detalhes espec\u00edficos.<\/li>\n<li>Links Externos<br \/>\na. Nosso site pode conter links para sites de terceiros. N\u00e3o temos controle sobre esses sites e n\u00e3o somos respons\u00e1veis pelo conte\u00fado ou pol\u00edticas de privacidade deles.<\/li>\n<li>Lei Aplic\u00e1vel<br \/>\na. Estes Termos e Condi\u00e7\u00f5es s\u00e3o regidos pelas leis. Quaisquer disputas ser\u00e3o resolvidas nos tribunais.<\/li>\n<li>Contato Para qualquer d\u00favida ou coment\u00e1rio sobre estes Termos e Condi\u00e7\u00f5es, entre em contato conosco pelo endere\u00e7o de e-mail info@suafbo.com<\/li>\n<\/ul>\n<p>[\/vc_column_text][vc_empty_space][vc_column_text]<a href=\"https:\/\/suafbo.com\/po\/\"><span style=\"color: #000080;\">&lt;- Voltar<\/span><\/a>[\/vc_column_text][vc_empty_space][\/vc_column_inner][\/vc_row_inner][vc_row_inner row_type=&#8221;row&#8221; type=&#8221;full_width&#8221; text_align=&#8221;left&#8221; css_animation=&#8221;&#8221;][vc_column_inner][vc_empty_space][\/vc_column_inner][\/vc_row_inner][\/vc_column][\/vc_row]<\/p>\n","protected":false},"excerpt":{"rendered":"<p>[vc_row css_animation=&#8221;&#8221; row_type=&#8221;row&#8221; use_row_as_full_screen_section=&#8221;no&#8221; type=&#8221;grid&#8221; angled_section=&#8221;no&#8221; text_align=&#8221;left&#8221; background_image_as_pattern=&#8221;without_pattern&#8221; z_index=&#8221;&#8221;][vc_column][vc_row_inner row_type=&#8221;row&#8221; type=&#8221;full_width&#8221; text_align=&#8221;left&#8221; css_animation=&#8221;&#8221;][vc_column_inner][vc_empty_space][vc_empty_space][\/vc_column_inner][\/vc_row_inner][vc_row_inner row_type=&#8221;row&#8221; type=&#8221;full_width&#8221; text_align=&#8221;left&#8221; css_animation=&#8221;&#8221; el_class=&#8221;lista&#8221;][vc_column_inner][vc_column_text] Aceita\u00e7\u00e3o dos Termos e Condi\u00e7\u00f5es Ao acessar e utilizar o site da Universal Aviation Services S.A., o usu\u00e1rio concorda em cumprir estes Termos e Condi\u00e7\u00f5es e quaisquer&#8230;<\/p>\n","protected":false},"author":1,"featured_media":0,"parent":0,"menu_order":0,"comment_status":"closed","ping_status":"closed","template":"full_width.php","meta":{"footnotes":"","_joinchat":[]},"_links":{"self":[{"href":"https:\/\/suafbo.com\/po\/wp-json\/wp\/v2\/pages\/298"}],"collection":[{"href":"https:\/\/suafbo.com\/po\/wp-json\/wp\/v2\/pages"}],"about":[{"href":"https:\/\/suafbo.com\/po\/wp-json\/wp\/v2\/types\/page"}],"author":[{"embeddable":true,"href":"https:\/\/suafbo.com\/po\/wp-json\/wp\/v2\/users\/1"}],"replies":[{"embeddable":true,"href":"https:\/\/suafbo.com\/po\/wp-json\/wp\/v2\/comments?post=298"}],"version-history":[{"count":2,"href":"https:\/\/suafbo.com\/po\/wp-json\/wp\/v2\/pages\/298\/revisions"}],"predecessor-version":[{"id":300,"href":"https:\/\/suafbo.com\/po\/wp-json\/wp\/v2\/pages\/298\/revisions\/300"}],"wp:attachment":[{"href":"https:\/\/suafbo.com\/po\/wp-json\/wp\/v2\/media?parent=298"}],"curies":[{"name":"wp","href":"https:\/\/api.w.org\/{rel}","templated":true}]}}