{"id":330,"date":"2026-01-12T14:48:28","date_gmt":"2026-01-12T14:48:28","guid":{"rendered":"https:\/\/suafbo.com\/po\/?page_id=330"},"modified":"2026-01-12T14:48:28","modified_gmt":"2026-01-12T14:48:28","slug":"historia-legado","status":"publish","type":"page","link":"https:\/\/suafbo.com\/po\/historia-legado\/","title":{"rendered":"Hist\u00f3ria &#038; Legado"},"content":{"rendered":"<p>[vc_row css_animation=&#8221;&#8221; row_type=&#8221;row&#8221; use_row_as_full_screen_section=&#8221;no&#8221; type=&#8221;grid&#8221; angled_section=&#8221;no&#8221; text_align=&#8221;left&#8221; background_image_as_pattern=&#8221;without_pattern&#8221; z_index=&#8221;&#8221;][vc_column][vc_row_inner row_type=&#8221;row&#8221; type=&#8221;full_width&#8221; text_align=&#8221;left&#8221; css_animation=&#8221;&#8221;][vc_column_inner][vc_empty_space][\/vc_column_inner][\/vc_row_inner][vc_row_inner row_type=&#8221;row&#8221; type=&#8221;full_width&#8221; text_align=&#8221;left&#8221; css_animation=&#8221;&#8221;][vc_column_inner width=&#8221;1\/2&#8243;][vc_empty_space][vc_single_image image=&#8221;162&#8243; img_size=&#8221;full&#8221; alignment=&#8221;center&#8221; qode_css_animation=&#8221;element_from_left&#8221;][\/vc_column_inner][vc_column_inner width=&#8221;1\/2&#8243;][vc_empty_space][vc_column_text]<span style=\"font-weight: 400; color: #003366; font-size: 35px;\">Um legado que decola e segue evoluindo<br \/>\n<\/span>[\/vc_column_text][vc_empty_space][vc_column_text]<\/p>\n<p class=\"p1\">Come\u00e7amos como uma empresa familiar e, com quase 50 anos de know-how, oferecemos hoje servi\u00e7os FBO e suporte operacional em todo o Peru. Nossa hist\u00f3ria se sustenta em confian\u00e7a, transpar\u00eancia e precis\u00e3o operacional, com processos maduros e digitalizados para que cada escala seja sem atritos\u2014antes, durante e depois do voo.<\/p>\n<p>[\/vc_column_text][vc_empty_space][vc_column_text]<\/p>\n<h3 style=\"text-align: left;\"><strong><span style=\"color: #efac59;\">Linha do tempo<\/span><\/strong><\/h3>\n<p>[\/vc_column_text][vc_empty_space][vc_column_text]<\/p>\n<p class=\"p1\"><span class=\"s1\">\u2022<\/span> <b>Fim dos anos 70 \u2013 80:<\/b> Funda\u00e7\u00e3o da SUA para atender a avia\u00e7\u00e3o geral e charter; consolida\u00e7\u00e3o de servi\u00e7os de p\u00e1tio e coordena\u00e7\u00e3o em Lima.<\/p>\n<p class=\"p1\"><span class=\"s1\">\u2022<\/span> <b>1990s:<\/b> Amplia\u00e7\u00e3o de servi\u00e7os (tripula\u00e7\u00f5es, VIP, cargas e medevac) e forma\u00e7\u00e3o de uma rede local de parceiros confi\u00e1veis.<\/p>\n<p class=\"p1\"><span class=\"s1\">\u2022<\/span> <b>2004:<\/b> <b>Certifica\u00e7\u00e3o DGAC\u2013Peru como Operador de Base Fixa (FBO)<\/b>, formalizando padr\u00f5es e escopo.<\/p>\n<p class=\"p1\"><span class=\"s1\">\u2022<\/span> <b>2010s:<\/b> Padroniza\u00e7\u00e3o de processos, fortalecimento de alian\u00e7as (combust\u00edvel, catering, transporte) e atendimento 24\/7.<\/p>\n<p class=\"p1\"><span class=\"s1\">\u2022<\/span> <b>2020s:<\/b> Segunda gera\u00e7\u00e3o na lideran\u00e7a, digitaliza\u00e7\u00e3o, <b>transpar\u00eancia de custos<\/b> e <b>cobertura nacional<\/b>.<\/p>\n<p class=\"p1\"><span class=\"s1\">\u2022<\/span> <b>Hoje:<\/b> <b>FBO &amp; flight support em todos os aeroportos e aer\u00f3dromos <\/b><b>oper\u00e1veis do pa\u00eds<\/b>, com opera\u00e7\u00e3o orientada por dados, SLAs claros e <b>parceiros estrat\u00e9gicos auditados<\/b>.<\/p>\n<p>[\/vc_column_text][vc_empty_space][\/vc_column_inner][\/vc_row_inner][vc_row_inner row_type=&#8221;row&#8221; type=&#8221;full_width&#8221; text_align=&#8221;left&#8221; css_animation=&#8221;&#8221;][vc_column_inner][vc_empty_space][\/vc_column_inner][\/vc_row_inner][\/vc_column][\/vc_row][vc_row css_animation=&#8221;&#8221; row_type=&#8221;row&#8221; use_row_as_full_screen_section=&#8221;no&#8221; type=&#8221;grid&#8221; angled_section=&#8221;no&#8221; text_align=&#8221;left&#8221; background_image_as_pattern=&#8221;without_pattern&#8221; z_index=&#8221;&#8221;][vc_column][vc_row_inner row_type=&#8221;row&#8221; type=&#8221;full_width&#8221; text_align=&#8221;left&#8221; css_animation=&#8221;&#8221;][vc_column_inner][vc_empty_space][\/vc_column_inner][\/vc_row_inner][vc_row_inner row_type=&#8221;row&#8221; type=&#8221;full_width&#8221; text_align=&#8221;left&#8221; css_animation=&#8221;&#8221;][vc_column_inner][vc_column_text]<\/p>\n<h3 style=\"text-align: left;\"><strong><span style=\"color: #efac59;\">Reconhecimento &amp; parcerias<\/span><\/strong><\/h3>\n<p>[\/vc_column_text][vc_empty_space][vc_column_text]<\/p>\n<p class=\"p1\">Rela\u00e7\u00f5es duradouras com atores-chave do setor\u2014incluindo <b>colabora\u00e7\u00e3o de longa <\/b><b>data com a Universal Weather &amp; Aviation<\/b>\u2014e hist\u00f3rico s\u00f3lido de conformidade com autoridades e operadores em todo o territ\u00f3rio.<\/p>\n<p>[\/vc_column_text][vc_empty_space][vc_column_text]<\/p>\n<p class=\"p1\"><b>Nosso DNA operacional (aprendizados)<\/b><\/p>\n<p>&nbsp;<\/p>\n<p class=\"p1\"><span class=\"s1\">\u2022<\/span> <b>Planejamento proativo:<\/b> pr\u00e9-coordena\u00e7\u00e3o de CIQ, slots\/UVAs, p\u00e1tio e transporte terrestre.<\/p>\n<p class=\"p1\"><span class=\"s1\">\u2022<\/span> <b>Transpar\u00eancia:<\/b> escopo definido, pre\u00e7os claros e <b>sem surpresas na fatura<\/b>.<\/p>\n<p class=\"p1\"><span class=\"s1\">\u2022<\/span> <b>Seguran\u00e7a &amp; conformidade:<\/b> cultura de seguran\u00e7a e ado\u00e7\u00e3o de melhores pr\u00e1ticas globais.<\/p>\n<p class=\"p1\"><span class=\"s1\">\u2022<\/span> <b>Otimiza\u00e7\u00e3o de recursos:<\/b> menos tempo em solo, mais previsibilidade.<span class=\"s1\">\u2022<\/span> <b>Proximidade &amp; p\u00f3s-venda:<\/b> acompanhamento real antes, durante e depois de cada miss\u00e3o.<\/p>\n<p class=\"p1\"><b>Seguimos elevando o padr\u00e3o<\/b>, voo ap\u00f3s voo, com <b>um \u00fanico ponto de contato 24\/7 <\/b>e execu\u00e7\u00e3o local em todo o Peru.<\/p>\n<p>[\/vc_column_text][vc_empty_space][\/vc_column_inner][\/vc_row_inner][vc_row_inner row_type=&#8221;row&#8221; type=&#8221;full_width&#8221; text_align=&#8221;left&#8221; css_animation=&#8221;&#8221;][vc_column_inner][vc_empty_space][\/vc_column_inner][\/vc_row_inner][\/vc_column][\/vc_row]<\/p>\n","protected":false},"excerpt":{"rendered":"<p>[vc_row css_animation=&#8221;&#8221; row_type=&#8221;row&#8221; use_row_as_full_screen_section=&#8221;no&#8221; type=&#8221;grid&#8221; angled_section=&#8221;no&#8221; text_align=&#8221;left&#8221; background_image_as_pattern=&#8221;without_pattern&#8221; z_index=&#8221;&#8221;][vc_column][vc_row_inner row_type=&#8221;row&#8221; type=&#8221;full_width&#8221; text_align=&#8221;left&#8221; css_animation=&#8221;&#8221;][vc_column_inner][vc_empty_space][\/vc_column_inner][\/vc_row_inner][vc_row_inner row_type=&#8221;row&#8221; type=&#8221;full_width&#8221; text_align=&#8221;left&#8221; css_animation=&#8221;&#8221;][vc_column_inner width=&#8221;1\/2&#8243;][vc_empty_space][vc_single_image image=&#8221;162&#8243; img_size=&#8221;full&#8221; alignment=&#8221;center&#8221; qode_css_animation=&#8221;element_from_left&#8221;][\/vc_column_inner][vc_column_inner width=&#8221;1\/2&#8243;][vc_empty_space][vc_column_text]Um legado que decola e segue evoluindo [\/vc_column_text][vc_empty_space][vc_column_text] Come\u00e7amos como uma empresa familiar e, com quase 50 anos de know-how, oferecemos hoje servi\u00e7os&#8230;<\/p>\n","protected":false},"author":1,"featured_media":0,"parent":0,"menu_order":0,"comment_status":"closed","ping_status":"closed","template":"","meta":{"footnotes":"","_joinchat":[]},"_links":{"self":[{"href":"https:\/\/suafbo.com\/po\/wp-json\/wp\/v2\/pages\/330"}],"collection":[{"href":"https:\/\/suafbo.com\/po\/wp-json\/wp\/v2\/pages"}],"about":[{"href":"https:\/\/suafbo.com\/po\/wp-json\/wp\/v2\/types\/page"}],"author":[{"embeddable":true,"href":"https:\/\/suafbo.com\/po\/wp-json\/wp\/v2\/users\/1"}],"replies":[{"embeddable":true,"href":"https:\/\/suafbo.com\/po\/wp-json\/wp\/v2\/comments?post=330"}],"version-history":[{"count":1,"href":"https:\/\/suafbo.com\/po\/wp-json\/wp\/v2\/pages\/330\/revisions"}],"predecessor-version":[{"id":331,"href":"https:\/\/suafbo.com\/po\/wp-json\/wp\/v2\/pages\/330\/revisions\/331"}],"wp:attachment":[{"href":"https:\/\/suafbo.com\/po\/wp-json\/wp\/v2\/media?parent=330"}],"curies":[{"name":"wp","href":"https:\/\/api.w.org\/{rel}","templated":true}]}}