{"id":57,"date":"2023-08-11T16:42:13","date_gmt":"2023-08-11T16:42:13","guid":{"rendered":"https:\/\/suafbo.com\/po\/?page_id=57"},"modified":"2023-09-17T20:46:23","modified_gmt":"2023-09-17T20:46:23","slug":"servicos-de-passageiros-e-tripulacao","status":"publish","type":"page","link":"https:\/\/suafbo.com\/po\/servicos-de-passageiros-e-tripulacao\/","title":{"rendered":"Servi\u00e7os de passageiros e tripula\u00e7\u00e3o"},"content":{"rendered":"<p>[vc_row css_animation=&#8221;&#8221; row_type=&#8221;row&#8221; use_row_as_full_screen_section=&#8221;no&#8221; type=&#8221;grid&#8221; angled_section=&#8221;no&#8221; text_align=&#8221;left&#8221; background_image_as_pattern=&#8221;without_pattern&#8221; z_index=&#8221;&#8221;][vc_column][vc_row_inner row_type=&#8221;row&#8221; type=&#8221;full_width&#8221; text_align=&#8221;left&#8221; css_animation=&#8221;&#8221;][vc_column_inner][vc_empty_space][vc_empty_space][\/vc_column_inner][\/vc_row_inner][vc_row_inner row_type=&#8221;row&#8221; type=&#8221;full_width&#8221; text_align=&#8221;left&#8221; css_animation=&#8221;&#8221; el_class=&#8221;lista&#8221;][vc_column_inner width=&#8221;1\/2&#8243;][vc_column_text]Na Servicio Universal de Aviaci\u00f3n, temos o orgulho de oferecer servi\u00e7os de primeira classe para passageiros e tripula\u00e7\u00e3o que garantem uma experi\u00eancia de viagem excepcional. Nossos servi\u00e7os incluem:<\/p>\n<p>&nbsp;<\/p>\n<ul>\n<li>Suporte operacional 24\/7.<\/li>\n<li>Coordena\u00e7\u00e3o de voos presidenciais, VIP, diplom\u00e1ticos, militares, comerciais, excurs\u00f5es musicais, carga, corporativos e privados.<\/li>\n<li>Acompanhamento em controle aduaneiro e passaportes.<\/li>\n<li>Assist\u00eancia para passageiros e tripula\u00e7\u00e3o.<\/li>\n<li>Atendimento VIP a passageiros.<\/li>\n<li>Servi\u00e7os de concierge 24 horas para todas as suas necessidades.<\/li>\n<li>Manuseio de bagagem.<\/li>\n<li>E muitos outros requisitos personalizados que voc\u00ea possa precisar.<\/li>\n<\/ul>\n<p>&nbsp;<\/p>\n<p>Nossa equipe altamente treinada e experiente dedica-se a garantir que cada detalhe de sua viagem seja atendido com m\u00e1xima efici\u00eancia e cuidado. Estamos comprometidos em oferecer um servi\u00e7o excepcional e superar suas expectativas em cada voo.[\/vc_column_text][vc_empty_space][vc_column_text]<a href=\"https:\/\/suafbo.com\/po\/\"><span style=\"color: #000080;\">&lt;- Voltar<\/span><\/a>[\/vc_column_text][vc_empty_space][\/vc_column_inner][vc_column_inner width=&#8221;1\/2&#8243;][vc_single_image image=&#8221;59&#8243; img_size=&#8221;full&#8221; qode_css_animation=&#8221;element_from_right&#8221;][\/vc_column_inner][\/vc_row_inner][vc_row_inner row_type=&#8221;row&#8221; type=&#8221;full_width&#8221; text_align=&#8221;left&#8221; css_animation=&#8221;&#8221;][vc_column_inner][vc_empty_space][\/vc_column_inner][\/vc_row_inner][\/vc_column][\/vc_row]<\/p>\n","protected":false},"excerpt":{"rendered":"<p>[vc_row css_animation=&#8221;&#8221; row_type=&#8221;row&#8221; use_row_as_full_screen_section=&#8221;no&#8221; type=&#8221;grid&#8221; angled_section=&#8221;no&#8221; text_align=&#8221;left&#8221; background_image_as_pattern=&#8221;without_pattern&#8221; z_index=&#8221;&#8221;][vc_column][vc_row_inner row_type=&#8221;row&#8221; type=&#8221;full_width&#8221; text_align=&#8221;left&#8221; css_animation=&#8221;&#8221;][vc_column_inner][vc_empty_space][vc_empty_space][\/vc_column_inner][\/vc_row_inner][vc_row_inner row_type=&#8221;row&#8221; type=&#8221;full_width&#8221; text_align=&#8221;left&#8221; css_animation=&#8221;&#8221; el_class=&#8221;lista&#8221;][vc_column_inner width=&#8221;1\/2&#8243;][vc_column_text]Na Servicio Universal de Aviaci\u00f3n, temos o orgulho de oferecer servi\u00e7os de primeira classe para passageiros e tripula\u00e7\u00e3o que garantem uma experi\u00eancia de viagem excepcional. Nossos servi\u00e7os&#8230;<\/p>\n","protected":false},"author":1,"featured_media":0,"parent":0,"menu_order":0,"comment_status":"closed","ping_status":"closed","template":"full_width.php","meta":{"footnotes":"","_joinchat":[]},"_links":{"self":[{"href":"https:\/\/suafbo.com\/po\/wp-json\/wp\/v2\/pages\/57"}],"collection":[{"href":"https:\/\/suafbo.com\/po\/wp-json\/wp\/v2\/pages"}],"about":[{"href":"https:\/\/suafbo.com\/po\/wp-json\/wp\/v2\/types\/page"}],"author":[{"embeddable":true,"href":"https:\/\/suafbo.com\/po\/wp-json\/wp\/v2\/users\/1"}],"replies":[{"embeddable":true,"href":"https:\/\/suafbo.com\/po\/wp-json\/wp\/v2\/comments?post=57"}],"version-history":[{"count":11,"href":"https:\/\/suafbo.com\/po\/wp-json\/wp\/v2\/pages\/57\/revisions"}],"predecessor-version":[{"id":287,"href":"https:\/\/suafbo.com\/po\/wp-json\/wp\/v2\/pages\/57\/revisions\/287"}],"wp:attachment":[{"href":"https:\/\/suafbo.com\/po\/wp-json\/wp\/v2\/media?parent=57"}],"curies":[{"name":"wp","href":"https:\/\/api.w.org\/{rel}","templated":true}]}}