{"id":67,"date":"2023-08-17T04:23:53","date_gmt":"2023-08-17T04:23:53","guid":{"rendered":"https:\/\/suafbo.com\/po\/?page_id=67"},"modified":"2023-09-17T20:49:01","modified_gmt":"2023-09-17T20:49:01","slug":"servicos-de-carga-aerea","status":"publish","type":"page","link":"https:\/\/suafbo.com\/po\/servicos-de-carga-aerea\/","title":{"rendered":"Servi\u00e7os de carga a\u00e9rea"},"content":{"rendered":"<p>[vc_row css_animation=&#8221;&#8221; row_type=&#8221;row&#8221; use_row_as_full_screen_section=&#8221;no&#8221; type=&#8221;grid&#8221; angled_section=&#8221;no&#8221; text_align=&#8221;left&#8221; background_image_as_pattern=&#8221;without_pattern&#8221; z_index=&#8221;&#8221;][vc_column][vc_row_inner row_type=&#8221;row&#8221; type=&#8221;full_width&#8221; text_align=&#8221;left&#8221; css_animation=&#8221;&#8221;][vc_column_inner][vc_empty_space][vc_empty_space][\/vc_column_inner][\/vc_row_inner][vc_row_inner row_type=&#8221;row&#8221; type=&#8221;full_width&#8221; text_align=&#8221;left&#8221; css_animation=&#8221;&#8221; el_class=&#8221;lista&#8221;][vc_column_inner width=&#8221;1\/2&#8243;][vc_column_text]Na Servicio Universal de Aviaci\u00f3n, oferecemos uma ampla gama de servi\u00e7os de carga a\u00e9rea para atender \u00e0s suas necessidades de transporte de mercadorias. Nossos servi\u00e7os incluem:<\/p>\n<p>&nbsp;<\/p>\n<ul>\n<li>Manuseio de carga para exporta\u00e7\u00e3o, importa\u00e7\u00e3o e tr\u00e2nsito.<\/li>\n<li>Armaz\u00e9m de carga a\u00e9rea.<\/li>\n<li>Opera\u00e7\u00e3o permanente e ininterrupta: 24\/7.<\/li>\n<li>E muitos outros requisitos personalizados que voc\u00ea possa precisar.<\/li>\n<\/ul>\n<p>&nbsp;<\/p>\n<p>Nossa equipe altamente treinada e experiente garante uma gest\u00e3o eficiente e segura de sua carga, garantindo que ela chegue ao seu destino de forma pontual e em perfeitas condi\u00e7\u00f5es. Confie em n\u00f3s para fornecer solu\u00e7\u00f5es log\u00edsticas confi\u00e1veis e personalizadas.[\/vc_column_text][vc_empty_space][vc_column_text]<a href=\"https:\/\/suafbo.com\/po\/\"><span style=\"color: #000080;\">&lt;- Voltar<\/span><\/a>[\/vc_column_text][vc_empty_space][\/vc_column_inner][vc_column_inner width=&#8221;1\/2&#8243;][vc_single_image image=&#8221;68&#8243; img_size=&#8221;full&#8221; qode_css_animation=&#8221;element_from_right&#8221;][\/vc_column_inner][\/vc_row_inner][vc_row_inner row_type=&#8221;row&#8221; type=&#8221;full_width&#8221; text_align=&#8221;left&#8221; css_animation=&#8221;&#8221;][vc_column_inner][vc_empty_space][\/vc_column_inner][\/vc_row_inner][\/vc_column][\/vc_row]<\/p>\n","protected":false},"excerpt":{"rendered":"<p>[vc_row css_animation=&#8221;&#8221; row_type=&#8221;row&#8221; use_row_as_full_screen_section=&#8221;no&#8221; type=&#8221;grid&#8221; angled_section=&#8221;no&#8221; text_align=&#8221;left&#8221; background_image_as_pattern=&#8221;without_pattern&#8221; z_index=&#8221;&#8221;][vc_column][vc_row_inner row_type=&#8221;row&#8221; type=&#8221;full_width&#8221; text_align=&#8221;left&#8221; css_animation=&#8221;&#8221;][vc_column_inner][vc_empty_space][vc_empty_space][\/vc_column_inner][\/vc_row_inner][vc_row_inner row_type=&#8221;row&#8221; type=&#8221;full_width&#8221; text_align=&#8221;left&#8221; css_animation=&#8221;&#8221; el_class=&#8221;lista&#8221;][vc_column_inner width=&#8221;1\/2&#8243;][vc_column_text]Na Servicio Universal de Aviaci\u00f3n, oferecemos uma ampla gama de servi\u00e7os de carga a\u00e9rea para atender \u00e0s suas necessidades de transporte de mercadorias. Nossos servi\u00e7os incluem: &nbsp;&#8230;<\/p>\n","protected":false},"author":1,"featured_media":0,"parent":0,"menu_order":0,"comment_status":"closed","ping_status":"closed","template":"full_width.php","meta":{"footnotes":"","_joinchat":[]},"_links":{"self":[{"href":"https:\/\/suafbo.com\/po\/wp-json\/wp\/v2\/pages\/67"}],"collection":[{"href":"https:\/\/suafbo.com\/po\/wp-json\/wp\/v2\/pages"}],"about":[{"href":"https:\/\/suafbo.com\/po\/wp-json\/wp\/v2\/types\/page"}],"author":[{"embeddable":true,"href":"https:\/\/suafbo.com\/po\/wp-json\/wp\/v2\/users\/1"}],"replies":[{"embeddable":true,"href":"https:\/\/suafbo.com\/po\/wp-json\/wp\/v2\/comments?post=67"}],"version-history":[{"count":7,"href":"https:\/\/suafbo.com\/po\/wp-json\/wp\/v2\/pages\/67\/revisions"}],"predecessor-version":[{"id":289,"href":"https:\/\/suafbo.com\/po\/wp-json\/wp\/v2\/pages\/67\/revisions\/289"}],"wp:attachment":[{"href":"https:\/\/suafbo.com\/po\/wp-json\/wp\/v2\/media?parent=67"}],"curies":[{"name":"wp","href":"https:\/\/api.w.org\/{rel}","templated":true}]}}