{"id":77,"date":"2023-08-17T04:31:54","date_gmt":"2023-08-17T04:31:54","guid":{"rendered":"https:\/\/suafbo.com\/po\/?page_id=77"},"modified":"2023-09-17T21:35:15","modified_gmt":"2023-09-17T21:35:15","slug":"servicos-de-rampa-de-aeronaves","status":"publish","type":"page","link":"https:\/\/suafbo.com\/po\/servicos-de-rampa-de-aeronaves\/","title":{"rendered":"Servi\u00e7os de rampa de aeronaves"},"content":{"rendered":"<p>[vc_row css_animation=&#8221;&#8221; row_type=&#8221;row&#8221; use_row_as_full_screen_section=&#8221;no&#8221; type=&#8221;grid&#8221; angled_section=&#8221;no&#8221; text_align=&#8221;left&#8221; background_image_as_pattern=&#8221;without_pattern&#8221; z_index=&#8221;&#8221;][vc_column][vc_row_inner row_type=&#8221;row&#8221; type=&#8221;full_width&#8221; text_align=&#8221;left&#8221; css_animation=&#8221;&#8221;][vc_column_inner][vc_empty_space][vc_empty_space][\/vc_column_inner][\/vc_row_inner][vc_row_inner row_type=&#8221;row&#8221; type=&#8221;full_width&#8221; text_align=&#8221;left&#8221; css_animation=&#8221;&#8221; el_class=&#8221;lista&#8221;][vc_column_inner width=&#8221;1\/2&#8243;][vc_column_text]Na Servicio Universal de Aviaci\u00f3n, nos orgulhamos de oferecer uma ampla gama de servi\u00e7os na rampa de aeronaves para atender a todas as necessidades de nossos clientes. Nossos servi\u00e7os incluem:<\/p>\n<p>&nbsp;<\/p>\n<ul>\n<li>Estacionamento, sinaliza\u00e7\u00e3o, empurr\u00e3o e reboque de aeronaves.<\/li>\n<li>Limpeza de aeronaves.<\/li>\n<li>Fornecimento de \u00e1gua pot\u00e1vel e servi\u00e7os sanit\u00e1rios.<\/li>\n<li>Equipamento de rampa.<\/li>\n<li>GPU (Unidade de Energia em Terra) e ASU (Unidade de In\u00edcio de Ar) e ACU (Unidade de Ar Condicionado).<\/li>\n<li>E muitos outros requisitos personalizados que voc\u00ea possa precisar.<\/li>\n<\/ul>\n<p>&nbsp;<\/p>\n<p>Nossa equipe altamente treinada e dedicada est\u00e1 dispon\u00edvel 24 horas por dia, 7 dias por semana, para garantir uma experi\u00eancia eficiente e segura na rampa para cada opera\u00e7\u00e3o a\u00e9rea.[\/vc_column_text][vc_empty_space][vc_column_text]<a href=\"https:\/\/suafbo.com\/po\/\"><span style=\"color: #000080;\">&lt;- Voltar<\/span><\/a>[\/vc_column_text][vc_empty_space][\/vc_column_inner][vc_column_inner width=&#8221;1\/2&#8243;][vc_single_image image=&#8221;79&#8243; img_size=&#8221;full&#8221; qode_css_animation=&#8221;element_from_right&#8221;][\/vc_column_inner][\/vc_row_inner][vc_row_inner row_type=&#8221;row&#8221; type=&#8221;full_width&#8221; text_align=&#8221;left&#8221; css_animation=&#8221;&#8221;][vc_column_inner][vc_empty_space][\/vc_column_inner][\/vc_row_inner][\/vc_column][\/vc_row]<\/p>\n","protected":false},"excerpt":{"rendered":"<p>[vc_row css_animation=&#8221;&#8221; row_type=&#8221;row&#8221; use_row_as_full_screen_section=&#8221;no&#8221; type=&#8221;grid&#8221; angled_section=&#8221;no&#8221; text_align=&#8221;left&#8221; background_image_as_pattern=&#8221;without_pattern&#8221; z_index=&#8221;&#8221;][vc_column][vc_row_inner row_type=&#8221;row&#8221; type=&#8221;full_width&#8221; text_align=&#8221;left&#8221; css_animation=&#8221;&#8221;][vc_column_inner][vc_empty_space][vc_empty_space][\/vc_column_inner][\/vc_row_inner][vc_row_inner row_type=&#8221;row&#8221; type=&#8221;full_width&#8221; text_align=&#8221;left&#8221; css_animation=&#8221;&#8221; el_class=&#8221;lista&#8221;][vc_column_inner width=&#8221;1\/2&#8243;][vc_column_text]Na Servicio Universal de Aviaci\u00f3n, nos orgulhamos de oferecer uma ampla gama de servi\u00e7os na rampa de aeronaves para atender a todas as necessidades de nossos clientes&#8230;.<\/p>\n","protected":false},"author":1,"featured_media":0,"parent":0,"menu_order":0,"comment_status":"closed","ping_status":"closed","template":"full_width.php","meta":{"footnotes":"","_joinchat":[]},"_links":{"self":[{"href":"https:\/\/suafbo.com\/po\/wp-json\/wp\/v2\/pages\/77"}],"collection":[{"href":"https:\/\/suafbo.com\/po\/wp-json\/wp\/v2\/pages"}],"about":[{"href":"https:\/\/suafbo.com\/po\/wp-json\/wp\/v2\/types\/page"}],"author":[{"embeddable":true,"href":"https:\/\/suafbo.com\/po\/wp-json\/wp\/v2\/users\/1"}],"replies":[{"embeddable":true,"href":"https:\/\/suafbo.com\/po\/wp-json\/wp\/v2\/comments?post=77"}],"version-history":[{"count":9,"href":"https:\/\/suafbo.com\/po\/wp-json\/wp\/v2\/pages\/77\/revisions"}],"predecessor-version":[{"id":293,"href":"https:\/\/suafbo.com\/po\/wp-json\/wp\/v2\/pages\/77\/revisions\/293"}],"wp:attachment":[{"href":"https:\/\/suafbo.com\/po\/wp-json\/wp\/v2\/media?parent=77"}],"curies":[{"name":"wp","href":"https:\/\/api.w.org\/{rel}","templated":true}]}}