{"id":83,"date":"2023-08-17T04:40:50","date_gmt":"2023-08-17T04:40:50","guid":{"rendered":"https:\/\/suafbo.com\/po\/?page_id=83"},"modified":"2023-09-17T21:32:53","modified_gmt":"2023-09-17T21:32:53","slug":"servicos-de-voo-de-assistencia-medica","status":"publish","type":"page","link":"https:\/\/suafbo.com\/po\/servicos-de-voo-de-assistencia-medica\/","title":{"rendered":"Servi\u00e7os de voo de assist\u00eancia m\u00e9dica"},"content":{"rendered":"<p>[vc_row css_animation=&#8221;&#8221; row_type=&#8221;row&#8221; use_row_as_full_screen_section=&#8221;no&#8221; type=&#8221;grid&#8221; angled_section=&#8221;no&#8221; text_align=&#8221;left&#8221; background_image_as_pattern=&#8221;without_pattern&#8221; z_index=&#8221;&#8221;][vc_column][vc_row_inner row_type=&#8221;row&#8221; type=&#8221;full_width&#8221; text_align=&#8221;left&#8221; css_animation=&#8221;&#8221;][vc_column_inner][vc_empty_space][vc_empty_space][\/vc_column_inner][\/vc_row_inner][vc_row_inner row_type=&#8221;row&#8221; type=&#8221;full_width&#8221; text_align=&#8221;left&#8221; css_animation=&#8221;&#8221; el_class=&#8221;lista&#8221;][vc_column_inner width=&#8221;1\/2&#8243;][vc_column_text]Na Servicio Universal de Aviaci\u00f3n, entendemos a import\u00e2ncia e a urg\u00eancia dos voos de ajuda m\u00e9dica. Nossos servi\u00e7os s\u00e3o projetados para garantir uma coordena\u00e7\u00e3o eficiente e r\u00e1pida nessas situa\u00e7\u00f5es cr\u00edticas. Oferecemos:<\/p>\n<p>&nbsp;<\/p>\n<ul>\n<li>Coordena\u00e7\u00e3o entre as instala\u00e7\u00f5es de envio e recep\u00e7\u00e3o para garantir uma transi\u00e7\u00e3o tranquila no atendimento.<\/li>\n<li>Gerenciamento de todos os detalhes das viagens terrestres de ida e volta ao aeroporto.<\/li>\n<li>Organiza\u00e7\u00e3o de ambul\u00e2ncias terrestres e outros requisitos personalizados que voc\u00ea possa precisar.<\/li>\n<\/ul>\n<p>&nbsp;<\/p>\n<p>Nossa equipe altamente treinada e sens\u00edvel est\u00e1 dispon\u00edvel 24 horas por dia, 7 dias por semana, para responder rapidamente e prestar assist\u00eancia em voos de ajuda m\u00e9dica.[\/vc_column_text][vc_empty_space][vc_column_text]<a href=\"https:\/\/suafbo.com\/po\/\"><span style=\"color: #000080;\">&lt;- Voltar<\/span><\/a>[\/vc_column_text][vc_empty_space][\/vc_column_inner][vc_column_inner width=&#8221;1\/2&#8243;][vc_single_image image=&#8221;85&#8243; img_size=&#8221;full&#8221; qode_css_animation=&#8221;element_from_right&#8221;][\/vc_column_inner][\/vc_row_inner][vc_row_inner row_type=&#8221;row&#8221; type=&#8221;full_width&#8221; text_align=&#8221;left&#8221; css_animation=&#8221;&#8221;][vc_column_inner][vc_empty_space][\/vc_column_inner][\/vc_row_inner][\/vc_column][\/vc_row]<\/p>\n","protected":false},"excerpt":{"rendered":"<p>[vc_row css_animation=&#8221;&#8221; row_type=&#8221;row&#8221; use_row_as_full_screen_section=&#8221;no&#8221; type=&#8221;grid&#8221; angled_section=&#8221;no&#8221; text_align=&#8221;left&#8221; background_image_as_pattern=&#8221;without_pattern&#8221; z_index=&#8221;&#8221;][vc_column][vc_row_inner row_type=&#8221;row&#8221; type=&#8221;full_width&#8221; text_align=&#8221;left&#8221; css_animation=&#8221;&#8221;][vc_column_inner][vc_empty_space][vc_empty_space][\/vc_column_inner][\/vc_row_inner][vc_row_inner row_type=&#8221;row&#8221; type=&#8221;full_width&#8221; text_align=&#8221;left&#8221; css_animation=&#8221;&#8221; el_class=&#8221;lista&#8221;][vc_column_inner width=&#8221;1\/2&#8243;][vc_column_text]Na Servicio Universal de Aviaci\u00f3n, entendemos a import\u00e2ncia e a urg\u00eancia dos voos de ajuda m\u00e9dica. Nossos servi\u00e7os s\u00e3o projetados para garantir uma coordena\u00e7\u00e3o eficiente e r\u00e1pida&#8230;<\/p>\n","protected":false},"author":1,"featured_media":0,"parent":0,"menu_order":0,"comment_status":"closed","ping_status":"closed","template":"full_width.php","meta":{"footnotes":"","_joinchat":[]},"_links":{"self":[{"href":"https:\/\/suafbo.com\/po\/wp-json\/wp\/v2\/pages\/83"}],"collection":[{"href":"https:\/\/suafbo.com\/po\/wp-json\/wp\/v2\/pages"}],"about":[{"href":"https:\/\/suafbo.com\/po\/wp-json\/wp\/v2\/types\/page"}],"author":[{"embeddable":true,"href":"https:\/\/suafbo.com\/po\/wp-json\/wp\/v2\/users\/1"}],"replies":[{"embeddable":true,"href":"https:\/\/suafbo.com\/po\/wp-json\/wp\/v2\/comments?post=83"}],"version-history":[{"count":8,"href":"https:\/\/suafbo.com\/po\/wp-json\/wp\/v2\/pages\/83\/revisions"}],"predecessor-version":[{"id":291,"href":"https:\/\/suafbo.com\/po\/wp-json\/wp\/v2\/pages\/83\/revisions\/291"}],"wp:attachment":[{"href":"https:\/\/suafbo.com\/po\/wp-json\/wp\/v2\/media?parent=83"}],"curies":[{"name":"wp","href":"https:\/\/api.w.org\/{rel}","templated":true}]}}