{"id":94,"date":"2023-08-17T05:23:37","date_gmt":"2023-08-17T05:23:37","guid":{"rendered":"https:\/\/suafbo.com\/po\/?page_id=94"},"modified":"2023-09-17T21:36:06","modified_gmt":"2023-09-17T21:36:06","slug":"principais-servicos-de-manutencao-aeronautica","status":"publish","type":"page","link":"https:\/\/suafbo.com\/po\/principais-servicos-de-manutencao-aeronautica\/","title":{"rendered":"Principais Servi\u00e7os de Manuten\u00e7\u00e3o Aeron\u00e1utica"},"content":{"rendered":"<p>[vc_row css_animation=&#8221;&#8221; row_type=&#8221;row&#8221; use_row_as_full_screen_section=&#8221;no&#8221; type=&#8221;grid&#8221; angled_section=&#8221;no&#8221; text_align=&#8221;left&#8221; background_image_as_pattern=&#8221;without_pattern&#8221; z_index=&#8221;&#8221;][vc_column][vc_row_inner row_type=&#8221;row&#8221; type=&#8221;full_width&#8221; text_align=&#8221;left&#8221; css_animation=&#8221;&#8221;][vc_column_inner][vc_empty_space][vc_empty_space][\/vc_column_inner][\/vc_row_inner][vc_row_inner row_type=&#8221;row&#8221; type=&#8221;full_width&#8221; text_align=&#8221;left&#8221; css_animation=&#8221;&#8221; el_class=&#8221;lista&#8221;][vc_column_inner width=&#8221;1\/2&#8243;][vc_column_text]Na Servicio Universal de Aviaci\u00f3n, temos o orgulho de oferecer servi\u00e7os de manuten\u00e7\u00e3o aeron\u00e1utica de alta qualidade. Nossa equipe altamente treinada e experiente est\u00e1 pronta para fornecer um servi\u00e7o completo e confi\u00e1vel para manter sua frota em condi\u00e7\u00f5es ideais. Oferecemos:<\/p>\n<p>&nbsp;<\/p>\n<ul>\n<li>Manuten\u00e7\u00e3o de linha e base.<\/li>\n<li>Armaz\u00e9m e log\u00edstica eficiente.<\/li>\n<li>Centro de Controle de Manuten\u00e7\u00e3o (MCC) para supervis\u00e3o e coordena\u00e7\u00e3o.<\/li>\n<li>E muitos outros requisitos personalizados que voc\u00ea possa precisar.<\/li>\n<\/ul>\n<p>&nbsp;<\/p>\n<p>Al\u00e9m disso, estamos dispostos a fornecer outros servi\u00e7os personalizados para atender \u00e0s suas necessidades espec\u00edficas.[\/vc_column_text][vc_empty_space][vc_column_text]<a href=\"https:\/\/suafbo.com\/po\/\"><span style=\"color: #000080;\">&lt;- Voltar<\/span><\/a>[\/vc_column_text][vc_empty_space][\/vc_column_inner][vc_column_inner width=&#8221;1\/2&#8243;][vc_single_image image=&#8221;96&#8243; img_size=&#8221;full&#8221; qode_css_animation=&#8221;element_from_right&#8221;][\/vc_column_inner][\/vc_row_inner][vc_row_inner row_type=&#8221;row&#8221; type=&#8221;full_width&#8221; text_align=&#8221;left&#8221; css_animation=&#8221;&#8221;][vc_column_inner][vc_empty_space][\/vc_column_inner][\/vc_row_inner][\/vc_column][\/vc_row]<\/p>\n","protected":false},"excerpt":{"rendered":"<p>[vc_row css_animation=&#8221;&#8221; row_type=&#8221;row&#8221; use_row_as_full_screen_section=&#8221;no&#8221; type=&#8221;grid&#8221; angled_section=&#8221;no&#8221; text_align=&#8221;left&#8221; background_image_as_pattern=&#8221;without_pattern&#8221; z_index=&#8221;&#8221;][vc_column][vc_row_inner row_type=&#8221;row&#8221; type=&#8221;full_width&#8221; text_align=&#8221;left&#8221; css_animation=&#8221;&#8221;][vc_column_inner][vc_empty_space][vc_empty_space][\/vc_column_inner][\/vc_row_inner][vc_row_inner row_type=&#8221;row&#8221; type=&#8221;full_width&#8221; text_align=&#8221;left&#8221; css_animation=&#8221;&#8221; el_class=&#8221;lista&#8221;][vc_column_inner width=&#8221;1\/2&#8243;][vc_column_text]Na Servicio Universal de Aviaci\u00f3n, temos o orgulho de oferecer servi\u00e7os de manuten\u00e7\u00e3o aeron\u00e1utica de alta qualidade. Nossa equipe altamente treinada e experiente est\u00e1 pronta para fornecer&#8230;<\/p>\n","protected":false},"author":1,"featured_media":0,"parent":0,"menu_order":0,"comment_status":"closed","ping_status":"closed","template":"full_width.php","meta":{"footnotes":"","_joinchat":[]},"_links":{"self":[{"href":"https:\/\/suafbo.com\/po\/wp-json\/wp\/v2\/pages\/94"}],"collection":[{"href":"https:\/\/suafbo.com\/po\/wp-json\/wp\/v2\/pages"}],"about":[{"href":"https:\/\/suafbo.com\/po\/wp-json\/wp\/v2\/types\/page"}],"author":[{"embeddable":true,"href":"https:\/\/suafbo.com\/po\/wp-json\/wp\/v2\/users\/1"}],"replies":[{"embeddable":true,"href":"https:\/\/suafbo.com\/po\/wp-json\/wp\/v2\/comments?post=94"}],"version-history":[{"count":7,"href":"https:\/\/suafbo.com\/po\/wp-json\/wp\/v2\/pages\/94\/revisions"}],"predecessor-version":[{"id":97,"href":"https:\/\/suafbo.com\/po\/wp-json\/wp\/v2\/pages\/94\/revisions\/97"}],"wp:attachment":[{"href":"https:\/\/suafbo.com\/po\/wp-json\/wp\/v2\/media?parent=94"}],"curies":[{"name":"wp","href":"https:\/\/api.w.org\/{rel}","templated":true}]}}